{"id":48852,"date":"2026-02-24T11:46:14","date_gmt":"2026-02-24T10:46:14","guid":{"rendered":"https:\/\/imprimeideas.es\/?post_type=product&p=48852"},"modified":"2026-02-26T18:37:31","modified_gmt":"2026-02-26T17:37:31","slug":"set-blarix","status":"publish","type":"product","link":"https:\/\/imprimeideas.es\/en\/product\/set-blarix\/","title":{"rendered":"Set Blarix"},"content":{"rendered":"<p>Set dental con cepillo de dientes y pasta dent\u00edfrica. Contenido:Cepillo de dientes fabricado en bamb\u00fa.Pasta dent\u00edfrica incluida en tubo de 3 gr, con tap\u00f3n a rosca.En colores naturales y presentado en estuche individual de cart\u00f3n reciclado.Materiales como el Bamb\u00fa fomentan la utilizaci\u00f3n de materias primas naturales reduciendo las emisiones contaminantes. Adem\u00e1s, el bamb\u00fa proviene de una planta de gran resistencia y versatilidad, con crecimiento y regeneraci\u00f3n r\u00e1pida, siendo una excelente alternativa al uso de madera tradicional.<\/p>","protected":false},"excerpt":{"rendered":"<p>Cepillo Dientes Bamb\u00fa. Pasta Dent\u00edfrica 3 gr<\/p>","protected":false},"featured_media":78543,"comment_status":"open","ping_status":"open","template":"","meta":{"inline_featured_image":false},"product_brand":[],"product_cat":[107,103,105],"product_tag":[],"class_list":{"0":"post-48852","1":"product","2":"type-product","3":"status-publish","4":"has-post-thumbnail","6":"product_cat-cuidado-personal-y-pharma","7":"product_cat-viaje","8":"product_cat-vino-accesorios-de-bebida-y-hosteleria","10":"first","11":"outofstock","12":"taxable","13":"shipping-taxable","14":"purchasable","15":"product-type-variable","16":"has-default-attributes"},"aioseo_notices":[],"_links":{"self":[{"href":"https:\/\/imprimeideas.es\/en\/wp-json\/wp\/v2\/product\/48852","targetHints":{"allow":["GET"]}}],"collection":[{"href":"https:\/\/imprimeideas.es\/en\/wp-json\/wp\/v2\/product"}],"about":[{"href":"https:\/\/imprimeideas.es\/en\/wp-json\/wp\/v2\/types\/product"}],"replies":[{"embeddable":true,"href":"https:\/\/imprimeideas.es\/en\/wp-json\/wp\/v2\/comments?post=48852"}],"version-history":[{"count":1,"href":"https:\/\/imprimeideas.es\/en\/wp-json\/wp\/v2\/product\/48852\/revisions"}],"predecessor-version":[{"id":56311,"href":"https:\/\/imprimeideas.es\/en\/wp-json\/wp\/v2\/product\/48852\/revisions\/56311"}],"wp:featuredmedia":[{"embeddable":true,"href":"https:\/\/imprimeideas.es\/en\/wp-json\/wp\/v2\/media\/78543"}],"wp:attachment":[{"href":"https:\/\/imprimeideas.es\/en\/wp-json\/wp\/v2\/media?parent=48852"}],"wp:term":[{"taxonomy":"product_brand","embeddable":true,"href":"https:\/\/imprimeideas.es\/en\/wp-json\/wp\/v2\/product_brand?post=48852"},{"taxonomy":"product_cat","embeddable":true,"href":"https:\/\/imprimeideas.es\/en\/wp-json\/wp\/v2\/product_cat?post=48852"},{"taxonomy":"product_tag","embeddable":true,"href":"https:\/\/imprimeideas.es\/en\/wp-json\/wp\/v2\/product_tag?post=48852"}],"curies":[{"name":"wp","href":"https:\/\/api.w.org\/{rel}","templated":true}]}}