{"id":48832,"date":"2026-02-24T11:46:12","date_gmt":"2026-02-24T10:46:12","guid":{"rendered":"https:\/\/imprimeideas.es\/?post_type=product&p=48832"},"modified":"2026-02-26T18:27:57","modified_gmt":"2026-02-26T17:27:57","slug":"neceser-sumtor","status":"publish","type":"product","link":"https:\/\/imprimeideas.es\/en\/product\/neceser-sumtor\/","title":{"rendered":"Neceser Sumtor"},"content":{"rendered":"<p>Neceser en Algod\u00f3n Reciclado de dise\u00f1o acolchado. Forro interior. Incluye distintivo de algod\u00f3n reciclado en el tirador.<\/p>","protected":false},"excerpt":{"rendered":"<p>Neceser en Algod\u00f3n Reciclado de dise\u00f1o acolchado. Forro interior. Incluye distintivo de algod\u00f3n reciclado en el tirador.<\/p>","protected":false},"featured_media":81955,"comment_status":"open","ping_status":"open","template":"","meta":{"inline_featured_image":false},"product_brand":[],"product_cat":[107],"product_tag":[],"class_list":{"0":"post-48832","1":"product","2":"type-product","3":"status-publish","4":"has-post-thumbnail","6":"product_cat-cuidado-personal-y-pharma","8":"first","9":"instock","10":"taxable","11":"shipping-taxable","12":"purchasable","13":"product-type-variable","14":"has-default-attributes"},"aioseo_notices":[],"_links":{"self":[{"href":"https:\/\/imprimeideas.es\/en\/wp-json\/wp\/v2\/product\/48832","targetHints":{"allow":["GET"]}}],"collection":[{"href":"https:\/\/imprimeideas.es\/en\/wp-json\/wp\/v2\/product"}],"about":[{"href":"https:\/\/imprimeideas.es\/en\/wp-json\/wp\/v2\/types\/product"}],"replies":[{"embeddable":true,"href":"https:\/\/imprimeideas.es\/en\/wp-json\/wp\/v2\/comments?post=48832"}],"version-history":[{"count":1,"href":"https:\/\/imprimeideas.es\/en\/wp-json\/wp\/v2\/product\/48832\/revisions"}],"predecessor-version":[{"id":56305,"href":"https:\/\/imprimeideas.es\/en\/wp-json\/wp\/v2\/product\/48832\/revisions\/56305"}],"wp:featuredmedia":[{"embeddable":true,"href":"https:\/\/imprimeideas.es\/en\/wp-json\/wp\/v2\/media\/81955"}],"wp:attachment":[{"href":"https:\/\/imprimeideas.es\/en\/wp-json\/wp\/v2\/media?parent=48832"}],"wp:term":[{"taxonomy":"product_brand","embeddable":true,"href":"https:\/\/imprimeideas.es\/en\/wp-json\/wp\/v2\/product_brand?post=48832"},{"taxonomy":"product_cat","embeddable":true,"href":"https:\/\/imprimeideas.es\/en\/wp-json\/wp\/v2\/product_cat?post=48832"},{"taxonomy":"product_tag","embeddable":true,"href":"https:\/\/imprimeideas.es\/en\/wp-json\/wp\/v2\/product_tag?post=48832"}],"curies":[{"name":"wp","href":"https:\/\/api.w.org\/{rel}","templated":true}]}}