{"id":48819,"date":"2026-02-24T11:46:10","date_gmt":"2026-02-24T10:46:10","guid":{"rendered":"https:\/\/imprimeideas.es\/?post_type=product&p=48819"},"modified":"2026-02-26T18:19:26","modified_gmt":"2026-02-26T17:19:26","slug":"pastillero-parnex","status":"publish","type":"product","link":"https:\/\/imprimeideas.es\/en\/product\/pastillero-parnex\/","title":{"rendered":"Pastillero Parnex"},"content":{"rendered":"<p>Pastillero semanal en resistente PP. Incluye 7 compartimentos individuales, cada uno identificado por un color y las siglas correspondientes al d\u00eda de la semana, facilitando su uso. Cada compartimento est\u00e1 dividido en 2 casillas independientes, ideales para separar las dosis de la ma\u00f1ana, la tarde o noche.<\/p>","protected":false},"excerpt":{"rendered":"<p>14 Compartimentos<\/p>","protected":false},"featured_media":78790,"comment_status":"open","ping_status":"open","template":"","meta":{"inline_featured_image":false},"product_brand":[],"product_cat":[107],"product_tag":[],"class_list":{"0":"post-48819","1":"product","2":"type-product","3":"status-publish","4":"has-post-thumbnail","6":"product_cat-cuidado-personal-y-pharma","8":"first","9":"instock","10":"taxable","11":"shipping-taxable","12":"purchasable","13":"product-type-variable","14":"has-default-attributes"},"aioseo_notices":[],"_links":{"self":[{"href":"https:\/\/imprimeideas.es\/en\/wp-json\/wp\/v2\/product\/48819","targetHints":{"allow":["GET"]}}],"collection":[{"href":"https:\/\/imprimeideas.es\/en\/wp-json\/wp\/v2\/product"}],"about":[{"href":"https:\/\/imprimeideas.es\/en\/wp-json\/wp\/v2\/types\/product"}],"replies":[{"embeddable":true,"href":"https:\/\/imprimeideas.es\/en\/wp-json\/wp\/v2\/comments?post=48819"}],"version-history":[{"count":1,"href":"https:\/\/imprimeideas.es\/en\/wp-json\/wp\/v2\/product\/48819\/revisions"}],"predecessor-version":[{"id":56301,"href":"https:\/\/imprimeideas.es\/en\/wp-json\/wp\/v2\/product\/48819\/revisions\/56301"}],"wp:featuredmedia":[{"embeddable":true,"href":"https:\/\/imprimeideas.es\/en\/wp-json\/wp\/v2\/media\/78790"}],"wp:attachment":[{"href":"https:\/\/imprimeideas.es\/en\/wp-json\/wp\/v2\/media?parent=48819"}],"wp:term":[{"taxonomy":"product_brand","embeddable":true,"href":"https:\/\/imprimeideas.es\/en\/wp-json\/wp\/v2\/product_brand?post=48819"},{"taxonomy":"product_cat","embeddable":true,"href":"https:\/\/imprimeideas.es\/en\/wp-json\/wp\/v2\/product_cat?post=48819"},{"taxonomy":"product_tag","embeddable":true,"href":"https:\/\/imprimeideas.es\/en\/wp-json\/wp\/v2\/product_tag?post=48819"}],"curies":[{"name":"wp","href":"https:\/\/api.w.org\/{rel}","templated":true}]}}