{"id":48814,"date":"2026-02-24T11:46:10","date_gmt":"2026-02-24T10:46:10","guid":{"rendered":"https:\/\/imprimeideas.es\/?post_type=product&p=48814"},"modified":"2026-02-26T18:19:09","modified_gmt":"2026-02-26T17:19:09","slug":"reloj-arena-tinix","status":"publish","type":"product","link":"https:\/\/imprimeideas.es\/en\/product\/reloj-arena-tinix\/","title":{"rendered":"Reloj Arena Tinix"},"content":{"rendered":"<p>Reloj de arena con duraci\u00f3n 2 minutos,  fabricado en combinaci\u00f3n ca\u00f1a de trigo y cristal. Cuenta con una pr\u00e1ctica ventosa que permite fijarlo f\u00e1cilmente.La Ca\u00f1a de Trigo fomenta la utilizaci\u00f3n de materias primas naturales, reduciendo as\u00ed las emisiones contaminantes.<\/p>","protected":false},"excerpt":{"rendered":"<p>2 Minutos<\/p>","protected":false},"featured_media":72862,"comment_status":"open","ping_status":"open","template":"","meta":{"inline_featured_image":false},"product_brand":[],"product_cat":[107,108],"product_tag":[],"class_list":{"0":"post-48814","1":"product","2":"type-product","3":"status-publish","4":"has-post-thumbnail","6":"product_cat-cuidado-personal-y-pharma","7":"product_cat-infantil","9":"first","10":"instock","11":"taxable","12":"shipping-taxable","13":"purchasable","14":"product-type-variable","15":"has-default-attributes"},"aioseo_notices":[],"_links":{"self":[{"href":"https:\/\/imprimeideas.es\/en\/wp-json\/wp\/v2\/product\/48814","targetHints":{"allow":["GET"]}}],"collection":[{"href":"https:\/\/imprimeideas.es\/en\/wp-json\/wp\/v2\/product"}],"about":[{"href":"https:\/\/imprimeideas.es\/en\/wp-json\/wp\/v2\/types\/product"}],"replies":[{"embeddable":true,"href":"https:\/\/imprimeideas.es\/en\/wp-json\/wp\/v2\/comments?post=48814"}],"version-history":[{"count":1,"href":"https:\/\/imprimeideas.es\/en\/wp-json\/wp\/v2\/product\/48814\/revisions"}],"predecessor-version":[{"id":56299,"href":"https:\/\/imprimeideas.es\/en\/wp-json\/wp\/v2\/product\/48814\/revisions\/56299"}],"wp:featuredmedia":[{"embeddable":true,"href":"https:\/\/imprimeideas.es\/en\/wp-json\/wp\/v2\/media\/72862"}],"wp:attachment":[{"href":"https:\/\/imprimeideas.es\/en\/wp-json\/wp\/v2\/media?parent=48814"}],"wp:term":[{"taxonomy":"product_brand","embeddable":true,"href":"https:\/\/imprimeideas.es\/en\/wp-json\/wp\/v2\/product_brand?post=48814"},{"taxonomy":"product_cat","embeddable":true,"href":"https:\/\/imprimeideas.es\/en\/wp-json\/wp\/v2\/product_cat?post=48814"},{"taxonomy":"product_tag","embeddable":true,"href":"https:\/\/imprimeideas.es\/en\/wp-json\/wp\/v2\/product_tag?post=48814"}],"curies":[{"name":"wp","href":"https:\/\/api.w.org\/{rel}","templated":true}]}}