{"id":48812,"date":"2026-02-24T11:46:09","date_gmt":"2026-02-24T10:46:09","guid":{"rendered":"https:\/\/imprimeideas.es\/?post_type=product&p=48812"},"modified":"2026-02-26T18:27:59","modified_gmt":"2026-02-26T17:27:59","slug":"reloj-arena-drykes","status":"publish","type":"product","link":"https:\/\/imprimeideas.es\/en\/product\/reloj-arena-drykes\/","title":{"rendered":"Reloj Arena Drykes"},"content":{"rendered":"<p>Reloj de arena fabricado en ca\u00f1a de trigo con original forma de gota. Con 5 minutos de duraci\u00f3n especialmente dise\u00f1ado para medir el tiempo de duraci\u00f3n de la ducha. Con ventosa de ajuste de alto poder de adherencia.La Ca\u00f1a de Trigo fomenta la utilizaci\u00f3n de materias primas naturales, reduciendo as\u00ed las emisiones contaminantes.<\/p>","protected":false},"excerpt":{"rendered":"<p>5 Minutos<\/p>","protected":false},"featured_media":80884,"comment_status":"open","ping_status":"open","template":"","meta":{"inline_featured_image":false},"product_brand":[],"product_cat":[107,104,108],"product_tag":[],"class_list":{"0":"post-48812","1":"product","2":"type-product","3":"status-publish","4":"has-post-thumbnail","6":"product_cat-cuidado-personal-y-pharma","7":"product_cat-hogar-y-decoracion","8":"product_cat-infantil","10":"first","11":"instock","12":"taxable","13":"shipping-taxable","14":"purchasable","15":"product-type-variable","16":"has-default-attributes"},"aioseo_notices":[],"_links":{"self":[{"href":"https:\/\/imprimeideas.es\/en\/wp-json\/wp\/v2\/product\/48812","targetHints":{"allow":["GET"]}}],"collection":[{"href":"https:\/\/imprimeideas.es\/en\/wp-json\/wp\/v2\/product"}],"about":[{"href":"https:\/\/imprimeideas.es\/en\/wp-json\/wp\/v2\/types\/product"}],"replies":[{"embeddable":true,"href":"https:\/\/imprimeideas.es\/en\/wp-json\/wp\/v2\/comments?post=48812"}],"version-history":[{"count":1,"href":"https:\/\/imprimeideas.es\/en\/wp-json\/wp\/v2\/product\/48812\/revisions"}],"predecessor-version":[{"id":56298,"href":"https:\/\/imprimeideas.es\/en\/wp-json\/wp\/v2\/product\/48812\/revisions\/56298"}],"wp:featuredmedia":[{"embeddable":true,"href":"https:\/\/imprimeideas.es\/en\/wp-json\/wp\/v2\/media\/80884"}],"wp:attachment":[{"href":"https:\/\/imprimeideas.es\/en\/wp-json\/wp\/v2\/media?parent=48812"}],"wp:term":[{"taxonomy":"product_brand","embeddable":true,"href":"https:\/\/imprimeideas.es\/en\/wp-json\/wp\/v2\/product_brand?post=48812"},{"taxonomy":"product_cat","embeddable":true,"href":"https:\/\/imprimeideas.es\/en\/wp-json\/wp\/v2\/product_cat?post=48812"},{"taxonomy":"product_tag","embeddable":true,"href":"https:\/\/imprimeideas.es\/en\/wp-json\/wp\/v2\/product_tag?post=48812"}],"curies":[{"name":"wp","href":"https:\/\/api.w.org\/{rel}","templated":true}]}}