{"id":48806,"date":"2026-02-24T11:46:09","date_gmt":"2026-02-24T10:46:09","guid":{"rendered":"https:\/\/imprimeideas.es\/?post_type=product&p=48806"},"modified":"2026-02-26T18:37:33","modified_gmt":"2026-02-26T17:37:33","slug":"cepillo-antitirones-siland","status":"publish","type":"product","link":"https:\/\/imprimeideas.es\/en\/product\/cepillo-antitirones-siland\/","title":{"rendered":"Cepillo Antitirones Siland"},"content":{"rendered":"<p>Cepillo Antitirones y Desenredante fabricado en ca\u00f1a de trigo. Con sistema anti-enredos, flexible y resistente que permite desenredar cualquier tipo de cabello con m\u00e1xima suavidad. Con un dise\u00f1o ergon\u00f3mico gracias a su forma semicurva y largas p\u00faas, se adapta perfectamente al contorno de la cabeza, facilitando el peinado de una mayor cantidad de cabello en cada pasada.La Ca\u00f1a de Trigo fomenta la utilizaci\u00f3n de materias primas naturales, reduciendo as\u00ed las emisiones contaminantes.<\/p>","protected":false},"excerpt":{"rendered":"<p>Cepillo Antitirones y Desenredante fabricado en ca\u00f1a de trigo. Con sistema anti-enredos, flexible y resistente que permite desenredar cualquier tipo<\/p>","protected":false},"featured_media":62205,"comment_status":"open","ping_status":"open","template":"","meta":{"inline_featured_image":false},"product_brand":[],"product_cat":[107],"product_tag":[],"class_list":{"0":"post-48806","1":"product","2":"type-product","3":"status-publish","4":"has-post-thumbnail","6":"product_cat-cuidado-personal-y-pharma","8":"first","9":"instock","10":"taxable","11":"shipping-taxable","12":"purchasable","13":"product-type-variable","14":"has-default-attributes"},"aioseo_notices":[],"_links":{"self":[{"href":"https:\/\/imprimeideas.es\/en\/wp-json\/wp\/v2\/product\/48806","targetHints":{"allow":["GET"]}}],"collection":[{"href":"https:\/\/imprimeideas.es\/en\/wp-json\/wp\/v2\/product"}],"about":[{"href":"https:\/\/imprimeideas.es\/en\/wp-json\/wp\/v2\/types\/product"}],"replies":[{"embeddable":true,"href":"https:\/\/imprimeideas.es\/en\/wp-json\/wp\/v2\/comments?post=48806"}],"version-history":[{"count":1,"href":"https:\/\/imprimeideas.es\/en\/wp-json\/wp\/v2\/product\/48806\/revisions"}],"predecessor-version":[{"id":56295,"href":"https:\/\/imprimeideas.es\/en\/wp-json\/wp\/v2\/product\/48806\/revisions\/56295"}],"wp:featuredmedia":[{"embeddable":true,"href":"https:\/\/imprimeideas.es\/en\/wp-json\/wp\/v2\/media\/62205"}],"wp:attachment":[{"href":"https:\/\/imprimeideas.es\/en\/wp-json\/wp\/v2\/media?parent=48806"}],"wp:term":[{"taxonomy":"product_brand","embeddable":true,"href":"https:\/\/imprimeideas.es\/en\/wp-json\/wp\/v2\/product_brand?post=48806"},{"taxonomy":"product_cat","embeddable":true,"href":"https:\/\/imprimeideas.es\/en\/wp-json\/wp\/v2\/product_cat?post=48806"},{"taxonomy":"product_tag","embeddable":true,"href":"https:\/\/imprimeideas.es\/en\/wp-json\/wp\/v2\/product_tag?post=48806"}],"curies":[{"name":"wp","href":"https:\/\/api.w.org\/{rel}","templated":true}]}}