{"id":48804,"date":"2026-02-24T11:46:08","date_gmt":"2026-02-24T10:46:08","guid":{"rendered":"https:\/\/imprimeideas.es\/?post_type=product&p=48804"},"modified":"2026-02-26T18:42:27","modified_gmt":"2026-02-26T17:42:27","slug":"set-puxar","status":"publish","type":"product","link":"https:\/\/imprimeideas.es\/en\/product\/set-puxar\/","title":{"rendered":"Set Puxar"},"content":{"rendered":"<p>Set de Cuidado Personal para el Cabello. Incluye:- Cepillo Antitirones dise\u00f1ado con p\u00faas flexibles de diferentes longitudes que desenredan el cabello sin tirones.- Cepillo Masajeador que permite emulsionar el champ\u00fa mientras proporciona un masaje y optimiza la limpieza.Presentado en bolsa con cordones de RPET .La Ca\u00f1a de Trigo fomenta la utilizaci\u00f3n de materias primas naturales, reduciendo as\u00ed las emisiones contaminantes.<\/p>","protected":false},"excerpt":{"rendered":"<p>Cepillo Antitirones. Emulsionador. Funda Poli\u00e9ster RPET<\/p>","protected":false},"featured_media":71348,"comment_status":"open","ping_status":"open","template":"","meta":{"inline_featured_image":false},"product_brand":[],"product_cat":[107],"product_tag":[],"class_list":{"0":"post-48804","1":"product","2":"type-product","3":"status-publish","4":"has-post-thumbnail","6":"product_cat-cuidado-personal-y-pharma","8":"first","9":"instock","10":"taxable","11":"shipping-taxable","12":"purchasable","13":"product-type-variable","14":"has-default-attributes"},"aioseo_notices":[],"_links":{"self":[{"href":"https:\/\/imprimeideas.es\/en\/wp-json\/wp\/v2\/product\/48804","targetHints":{"allow":["GET"]}}],"collection":[{"href":"https:\/\/imprimeideas.es\/en\/wp-json\/wp\/v2\/product"}],"about":[{"href":"https:\/\/imprimeideas.es\/en\/wp-json\/wp\/v2\/types\/product"}],"replies":[{"embeddable":true,"href":"https:\/\/imprimeideas.es\/en\/wp-json\/wp\/v2\/comments?post=48804"}],"version-history":[{"count":1,"href":"https:\/\/imprimeideas.es\/en\/wp-json\/wp\/v2\/product\/48804\/revisions"}],"predecessor-version":[{"id":56294,"href":"https:\/\/imprimeideas.es\/en\/wp-json\/wp\/v2\/product\/48804\/revisions\/56294"}],"wp:featuredmedia":[{"embeddable":true,"href":"https:\/\/imprimeideas.es\/en\/wp-json\/wp\/v2\/media\/71348"}],"wp:attachment":[{"href":"https:\/\/imprimeideas.es\/en\/wp-json\/wp\/v2\/media?parent=48804"}],"wp:term":[{"taxonomy":"product_brand","embeddable":true,"href":"https:\/\/imprimeideas.es\/en\/wp-json\/wp\/v2\/product_brand?post=48804"},{"taxonomy":"product_cat","embeddable":true,"href":"https:\/\/imprimeideas.es\/en\/wp-json\/wp\/v2\/product_cat?post=48804"},{"taxonomy":"product_tag","embeddable":true,"href":"https:\/\/imprimeideas.es\/en\/wp-json\/wp\/v2\/product_tag?post=48804"}],"curies":[{"name":"wp","href":"https:\/\/api.w.org\/{rel}","templated":true}]}}