{"id":48797,"date":"2026-02-24T11:46:07","date_gmt":"2026-02-24T10:46:07","guid":{"rendered":"https:\/\/imprimeideas.es\/?post_type=product&p=48797"},"modified":"2026-02-26T18:23:22","modified_gmt":"2026-02-26T17:23:22","slug":"cepillo-antitirones-nymar","status":"publish","type":"product","link":"https:\/\/imprimeideas.es\/en\/product\/cepillo-antitirones-nymar\/","title":{"rendered":"Cepillo Antitirones Nymar"},"content":{"rendered":"<p>Cepillo antitirones con cuerpo fabricado en ca\u00f1a de trigo y p\u00faas negras de flexible ABS. Con sistema antienredos.La Ca\u00f1a de Trigo fomenta la utilizaci\u00f3n de materias primas naturales, reduciendo as\u00ed las emisiones contaminantes.<\/p>","protected":false},"excerpt":{"rendered":"<p>Cepillo antitirones con cuerpo fabricado en ca\u00f1a de trigo y p\u00faas negras de flexible ABS. Con sistema antienredos.La Ca\u00f1a de<\/p>","protected":false},"featured_media":71910,"comment_status":"open","ping_status":"open","template":"","meta":{"inline_featured_image":false},"product_brand":[],"product_cat":[107],"product_tag":[],"class_list":{"0":"post-48797","1":"product","2":"type-product","3":"status-publish","4":"has-post-thumbnail","6":"product_cat-cuidado-personal-y-pharma","8":"first","9":"instock","10":"taxable","11":"shipping-taxable","12":"purchasable","13":"product-type-variable","14":"has-default-attributes"},"aioseo_notices":[],"_links":{"self":[{"href":"https:\/\/imprimeideas.es\/en\/wp-json\/wp\/v2\/product\/48797","targetHints":{"allow":["GET"]}}],"collection":[{"href":"https:\/\/imprimeideas.es\/en\/wp-json\/wp\/v2\/product"}],"about":[{"href":"https:\/\/imprimeideas.es\/en\/wp-json\/wp\/v2\/types\/product"}],"replies":[{"embeddable":true,"href":"https:\/\/imprimeideas.es\/en\/wp-json\/wp\/v2\/comments?post=48797"}],"version-history":[{"count":1,"href":"https:\/\/imprimeideas.es\/en\/wp-json\/wp\/v2\/product\/48797\/revisions"}],"predecessor-version":[{"id":56292,"href":"https:\/\/imprimeideas.es\/en\/wp-json\/wp\/v2\/product\/48797\/revisions\/56292"}],"wp:featuredmedia":[{"embeddable":true,"href":"https:\/\/imprimeideas.es\/en\/wp-json\/wp\/v2\/media\/71910"}],"wp:attachment":[{"href":"https:\/\/imprimeideas.es\/en\/wp-json\/wp\/v2\/media?parent=48797"}],"wp:term":[{"taxonomy":"product_brand","embeddable":true,"href":"https:\/\/imprimeideas.es\/en\/wp-json\/wp\/v2\/product_brand?post=48797"},{"taxonomy":"product_cat","embeddable":true,"href":"https:\/\/imprimeideas.es\/en\/wp-json\/wp\/v2\/product_cat?post=48797"},{"taxonomy":"product_tag","embeddable":true,"href":"https:\/\/imprimeideas.es\/en\/wp-json\/wp\/v2\/product_tag?post=48797"}],"curies":[{"name":"wp","href":"https:\/\/api.w.org\/{rel}","templated":true}]}}