{"id":48783,"date":"2026-02-24T11:46:05","date_gmt":"2026-02-24T10:46:05","guid":{"rendered":"https:\/\/imprimeideas.es\/?post_type=product&p=48783"},"modified":"2026-02-26T18:08:20","modified_gmt":"2026-02-26T17:08:20","slug":"vaso-termico-wirten","status":"publish","type":"product","link":"https:\/\/imprimeideas.es\/en\/product\/vaso-termico-wirten\/","title":{"rendered":"Vaso T\u00e9rmico Wirten"},"content":{"rendered":"<p>Vaso t\u00e9rmico de doble pared en PP reciclado, combinado con base de acero inoxidable reciclado. Con 300 ml de capacidad.Con tapa con dosificador de f\u00e1cil apertura y sistema de sellado herm\u00e9tico, anti-fugas. Libre de BPA.Incluye pr\u00e1ctica cinta de transporte, ideal para llevarlo f\u00e1cilmente en cualquier situaci\u00f3n. Con certificaci\u00f3n Food Grade, garantizando la seguridad cuando los alimentos entran en contacto con el material usado para fabricar el producto. Con distintivo de Acero Inox Reciclado.El PP reciclado es un pl\u00e1stico reciclado y altamente reciclable, de gran resistencia y apto para multitud de aplicaciones.El acero es uno de los materiales m\u00e1s demandados y que puede encontrarse casi en todas partes, desde productos de uso diario a grandes construcciones. Con innumerables propiedades, entre las que cabe destacar la durabilidad y su alto grado de reutilizaci\u00f3n, convirti\u00e9ndolo en una alternativa muy valorada en soluciones de sostenibilidad. Debidamente tratado, permite obtener nuevos recursos de infinita utilizaci\u00f3n.<\/p>","protected":false},"excerpt":{"rendered":"<p>300 ml<\/p>","protected":false},"featured_media":73022,"comment_status":"open","ping_status":"open","template":"","meta":{"inline_featured_image":false},"product_brand":[],"product_cat":[97],"product_tag":[],"class_list":{"0":"post-48783","1":"product","2":"type-product","3":"status-publish","4":"has-post-thumbnail","6":"product_cat-tazas-jarras-y-termos","8":"first","9":"instock","10":"taxable","11":"shipping-taxable","12":"purchasable","13":"product-type-variable","14":"has-default-attributes"},"aioseo_notices":[],"_links":{"self":[{"href":"https:\/\/imprimeideas.es\/en\/wp-json\/wp\/v2\/product\/48783","targetHints":{"allow":["GET"]}}],"collection":[{"href":"https:\/\/imprimeideas.es\/en\/wp-json\/wp\/v2\/product"}],"about":[{"href":"https:\/\/imprimeideas.es\/en\/wp-json\/wp\/v2\/types\/product"}],"replies":[{"embeddable":true,"href":"https:\/\/imprimeideas.es\/en\/wp-json\/wp\/v2\/comments?post=48783"}],"version-history":[{"count":1,"href":"https:\/\/imprimeideas.es\/en\/wp-json\/wp\/v2\/product\/48783\/revisions"}],"predecessor-version":[{"id":56290,"href":"https:\/\/imprimeideas.es\/en\/wp-json\/wp\/v2\/product\/48783\/revisions\/56290"}],"wp:featuredmedia":[{"embeddable":true,"href":"https:\/\/imprimeideas.es\/en\/wp-json\/wp\/v2\/media\/73022"}],"wp:attachment":[{"href":"https:\/\/imprimeideas.es\/en\/wp-json\/wp\/v2\/media?parent=48783"}],"wp:term":[{"taxonomy":"product_brand","embeddable":true,"href":"https:\/\/imprimeideas.es\/en\/wp-json\/wp\/v2\/product_brand?post=48783"},{"taxonomy":"product_cat","embeddable":true,"href":"https:\/\/imprimeideas.es\/en\/wp-json\/wp\/v2\/product_cat?post=48783"},{"taxonomy":"product_tag","embeddable":true,"href":"https:\/\/imprimeideas.es\/en\/wp-json\/wp\/v2\/product_tag?post=48783"}],"curies":[{"name":"wp","href":"https:\/\/api.w.org\/{rel}","templated":true}]}}