{"id":48771,"date":"2026-02-24T11:46:04","date_gmt":"2026-02-24T10:46:04","guid":{"rendered":"https:\/\/imprimeideas.es\/?post_type=product&p=48771"},"modified":"2026-02-26T18:37:26","modified_gmt":"2026-02-26T17:37:26","slug":"mochila-nevera-beroxi","status":"publish","type":"product","link":"https:\/\/imprimeideas.es\/en\/product\/mochila-nevera-beroxi\/","title":{"rendered":"Mochila Nevera Beroxi"},"content":{"rendered":"<p>Mochila nevera de gran capacidad fabricada en resistente poli\u00e9ster RPET 600D de alta calidad. Compartimento principal con cierre de cremallera de doble tirador, con interior en PEVA. Con bolsillos laterales en redecilla. Cinta de hombros ajustables y acolchadas. Incluye banda en la parte superior. Totalmente acolchada. Distintivo RPET en etiqueta.El material RPET se elabora a partir de pl\u00e1stico reciclado, para as\u00ed fomentar la reutilizaci\u00f3n de residuos pl\u00e1sticos y ayudar a la sostenibilidad del planeta.<\/p>","protected":false},"excerpt":{"rendered":"<p>Acolchada<\/p>","protected":false},"featured_media":68064,"comment_status":"open","ping_status":"open","template":"","meta":{"inline_featured_image":false},"product_brand":[],"product_cat":[94,98,114],"product_tag":[],"class_list":{"0":"post-48771","1":"product","2":"type-product","3":"status-publish","4":"has-post-thumbnail","6":"product_cat-mochilas","7":"product_cat-take-away","8":"product_cat-verano-y-playa","10":"first","11":"instock","12":"taxable","13":"shipping-taxable","14":"purchasable","15":"product-type-variable","16":"has-default-attributes"},"aioseo_notices":[],"_links":{"self":[{"href":"https:\/\/imprimeideas.es\/en\/wp-json\/wp\/v2\/product\/48771","targetHints":{"allow":["GET"]}}],"collection":[{"href":"https:\/\/imprimeideas.es\/en\/wp-json\/wp\/v2\/product"}],"about":[{"href":"https:\/\/imprimeideas.es\/en\/wp-json\/wp\/v2\/types\/product"}],"replies":[{"embeddable":true,"href":"https:\/\/imprimeideas.es\/en\/wp-json\/wp\/v2\/comments?post=48771"}],"version-history":[{"count":1,"href":"https:\/\/imprimeideas.es\/en\/wp-json\/wp\/v2\/product\/48771\/revisions"}],"predecessor-version":[{"id":56286,"href":"https:\/\/imprimeideas.es\/en\/wp-json\/wp\/v2\/product\/48771\/revisions\/56286"}],"wp:featuredmedia":[{"embeddable":true,"href":"https:\/\/imprimeideas.es\/en\/wp-json\/wp\/v2\/media\/68064"}],"wp:attachment":[{"href":"https:\/\/imprimeideas.es\/en\/wp-json\/wp\/v2\/media?parent=48771"}],"wp:term":[{"taxonomy":"product_brand","embeddable":true,"href":"https:\/\/imprimeideas.es\/en\/wp-json\/wp\/v2\/product_brand?post=48771"},{"taxonomy":"product_cat","embeddable":true,"href":"https:\/\/imprimeideas.es\/en\/wp-json\/wp\/v2\/product_cat?post=48771"},{"taxonomy":"product_tag","embeddable":true,"href":"https:\/\/imprimeideas.es\/en\/wp-json\/wp\/v2\/product_tag?post=48771"}],"curies":[{"name":"wp","href":"https:\/\/api.w.org\/{rel}","templated":true}]}}