{"id":48763,"date":"2026-02-24T11:46:02","date_gmt":"2026-02-24T10:46:02","guid":{"rendered":"https:\/\/imprimeideas.es\/?post_type=product&p=48763"},"modified":"2026-02-26T18:28:06","modified_gmt":"2026-02-26T17:28:06","slug":"set-cubiertos-sinix","status":"publish","type":"product","link":"https:\/\/imprimeideas.es\/en\/product\/set-cubiertos-sinix\/","title":{"rendered":"Set Cubiertos Sinix"},"content":{"rendered":"<p>Set de cubiertos de 5 piezas fabricados en acero inoxidable. Incluye cuchara, tenedor, cuchillo, pajita reutilizable y cepillo limpiador para la pajita. Presentaci\u00f3n en funda de Soft Shell en RPET con cierre de cremallera y cord\u00f3n de transporte. Con distintivo de RPET en etiqueta.El material RPET se elabora a partir de pl\u00e1stico reciclado, para as\u00ed fomentar la reutilizaci\u00f3n de residuos pl\u00e1sticos y ayudar a la sostenibilidad del planeta.<\/p>","protected":false},"excerpt":{"rendered":"<p>5 Piezas. Funda Soft Shell RPET<\/p>","protected":false},"featured_media":77215,"comment_status":"open","ping_status":"open","template":"","meta":{"inline_featured_image":false},"product_brand":[],"product_cat":[98],"product_tag":[],"class_list":{"0":"post-48763","1":"product","2":"type-product","3":"status-publish","4":"has-post-thumbnail","6":"product_cat-take-away","8":"first","9":"instock","10":"taxable","11":"shipping-taxable","12":"purchasable","13":"product-type-variable","14":"has-default-attributes"},"aioseo_notices":[],"_links":{"self":[{"href":"https:\/\/imprimeideas.es\/en\/wp-json\/wp\/v2\/product\/48763","targetHints":{"allow":["GET"]}}],"collection":[{"href":"https:\/\/imprimeideas.es\/en\/wp-json\/wp\/v2\/product"}],"about":[{"href":"https:\/\/imprimeideas.es\/en\/wp-json\/wp\/v2\/types\/product"}],"replies":[{"embeddable":true,"href":"https:\/\/imprimeideas.es\/en\/wp-json\/wp\/v2\/comments?post=48763"}],"version-history":[{"count":1,"href":"https:\/\/imprimeideas.es\/en\/wp-json\/wp\/v2\/product\/48763\/revisions"}],"predecessor-version":[{"id":56284,"href":"https:\/\/imprimeideas.es\/en\/wp-json\/wp\/v2\/product\/48763\/revisions\/56284"}],"wp:featuredmedia":[{"embeddable":true,"href":"https:\/\/imprimeideas.es\/en\/wp-json\/wp\/v2\/media\/77215"}],"wp:attachment":[{"href":"https:\/\/imprimeideas.es\/en\/wp-json\/wp\/v2\/media?parent=48763"}],"wp:term":[{"taxonomy":"product_brand","embeddable":true,"href":"https:\/\/imprimeideas.es\/en\/wp-json\/wp\/v2\/product_brand?post=48763"},{"taxonomy":"product_cat","embeddable":true,"href":"https:\/\/imprimeideas.es\/en\/wp-json\/wp\/v2\/product_cat?post=48763"},{"taxonomy":"product_tag","embeddable":true,"href":"https:\/\/imprimeideas.es\/en\/wp-json\/wp\/v2\/product_tag?post=48763"}],"curies":[{"name":"wp","href":"https:\/\/api.w.org\/{rel}","templated":true}]}}