{"id":48754,"date":"2026-02-24T11:45:56","date_gmt":"2026-02-24T10:45:56","guid":{"rendered":"https:\/\/imprimeideas.es\/?post_type=product&p=48754"},"modified":"2026-02-26T18:23:20","modified_gmt":"2026-02-26T17:23:20","slug":"taza-plegable-mibar","status":"publish","type":"product","link":"https:\/\/imprimeideas.es\/en\/product\/taza-plegable-mibar\/","title":{"rendered":"Taza Plegable Mibar"},"content":{"rendered":"<p>Taza plegable de 340 ml de capacidad. Fabricado en silicona de alta calidad con borde y asa r\u00edgidos fabricados en resistente PP. Con cuerpo de acabado mate, esta taza puede ser plegada para un c\u00f3modo y sencillo almacenamiento. Incluye mosquet\u00f3n met\u00e1lico para f\u00e1cil transporte. Libre de BPA.<\/p>","protected":false},"excerpt":{"rendered":"<p>340 ml<\/p>","protected":false},"featured_media":76848,"comment_status":"open","ping_status":"open","template":"","meta":{"inline_featured_image":false},"product_brand":[],"product_cat":[94,98,97],"product_tag":[],"class_list":{"0":"post-48754","1":"product","2":"type-product","3":"status-publish","4":"has-post-thumbnail","6":"product_cat-mochilas","7":"product_cat-take-away","8":"product_cat-tazas-jarras-y-termos","10":"first","11":"instock","12":"taxable","13":"shipping-taxable","14":"purchasable","15":"product-type-variable","16":"has-default-attributes"},"aioseo_notices":[],"_links":{"self":[{"href":"https:\/\/imprimeideas.es\/en\/wp-json\/wp\/v2\/product\/48754","targetHints":{"allow":["GET"]}}],"collection":[{"href":"https:\/\/imprimeideas.es\/en\/wp-json\/wp\/v2\/product"}],"about":[{"href":"https:\/\/imprimeideas.es\/en\/wp-json\/wp\/v2\/types\/product"}],"replies":[{"embeddable":true,"href":"https:\/\/imprimeideas.es\/en\/wp-json\/wp\/v2\/comments?post=48754"}],"version-history":[{"count":1,"href":"https:\/\/imprimeideas.es\/en\/wp-json\/wp\/v2\/product\/48754\/revisions"}],"predecessor-version":[{"id":56282,"href":"https:\/\/imprimeideas.es\/en\/wp-json\/wp\/v2\/product\/48754\/revisions\/56282"}],"wp:featuredmedia":[{"embeddable":true,"href":"https:\/\/imprimeideas.es\/en\/wp-json\/wp\/v2\/media\/76848"}],"wp:attachment":[{"href":"https:\/\/imprimeideas.es\/en\/wp-json\/wp\/v2\/media?parent=48754"}],"wp:term":[{"taxonomy":"product_brand","embeddable":true,"href":"https:\/\/imprimeideas.es\/en\/wp-json\/wp\/v2\/product_brand?post=48754"},{"taxonomy":"product_cat","embeddable":true,"href":"https:\/\/imprimeideas.es\/en\/wp-json\/wp\/v2\/product_cat?post=48754"},{"taxonomy":"product_tag","embeddable":true,"href":"https:\/\/imprimeideas.es\/en\/wp-json\/wp\/v2\/product_tag?post=48754"}],"curies":[{"name":"wp","href":"https:\/\/api.w.org\/{rel}","templated":true}]}}