{"id":48750,"date":"2026-02-24T11:45:56","date_gmt":"2026-02-24T10:45:56","guid":{"rendered":"https:\/\/imprimeideas.es\/?post_type=product&p=48750"},"modified":"2026-02-26T18:08:08","modified_gmt":"2026-02-26T17:08:08","slug":"vaso-termico-karnix","status":"publish","type":"product","link":"https:\/\/imprimeideas.es\/en\/product\/vaso-termico-karnix\/","title":{"rendered":"Vaso T\u00e9rmico Karnix"},"content":{"rendered":"<p>Vaso t\u00e9rmico de doble pared fabricadao en Acero Inox Recliclado y 400 ml de capacidad. Tapadera con dosificador de f\u00e1cil apertura de PP y libre de BPA. Incluye distintivo de Acero Inox Reciclado.El acero es uno de los materiales m\u00e1s demandados y que puede encontrarse casi en todas partes, desde productos de uso diario a grandes construcciones. Con innumerables propiedades, entre las que cabe destacar la durabilidad y su alto grado de reutilizaci\u00f3n, convirti\u00e9ndolo en una alternativa muy valorada en soluciones de sostenibilidad. Debidamente tratado, permite obtener nuevos recursos de infinita utilizaci\u00f3n.<\/p>","protected":false},"excerpt":{"rendered":"<p>400 ml<\/p>","protected":false},"featured_media":73873,"comment_status":"open","ping_status":"open","template":"","meta":{"inline_featured_image":false},"product_brand":[],"product_cat":[97],"product_tag":[],"class_list":{"0":"post-48750","1":"product","2":"type-product","3":"status-publish","4":"has-post-thumbnail","6":"product_cat-tazas-jarras-y-termos","8":"first","9":"instock","10":"taxable","11":"shipping-taxable","12":"purchasable","13":"product-type-variable","14":"has-default-attributes"},"aioseo_notices":[],"_links":{"self":[{"href":"https:\/\/imprimeideas.es\/en\/wp-json\/wp\/v2\/product\/48750","targetHints":{"allow":["GET"]}}],"collection":[{"href":"https:\/\/imprimeideas.es\/en\/wp-json\/wp\/v2\/product"}],"about":[{"href":"https:\/\/imprimeideas.es\/en\/wp-json\/wp\/v2\/types\/product"}],"replies":[{"embeddable":true,"href":"https:\/\/imprimeideas.es\/en\/wp-json\/wp\/v2\/comments?post=48750"}],"version-history":[{"count":1,"href":"https:\/\/imprimeideas.es\/en\/wp-json\/wp\/v2\/product\/48750\/revisions"}],"predecessor-version":[{"id":56281,"href":"https:\/\/imprimeideas.es\/en\/wp-json\/wp\/v2\/product\/48750\/revisions\/56281"}],"wp:featuredmedia":[{"embeddable":true,"href":"https:\/\/imprimeideas.es\/en\/wp-json\/wp\/v2\/media\/73873"}],"wp:attachment":[{"href":"https:\/\/imprimeideas.es\/en\/wp-json\/wp\/v2\/media?parent=48750"}],"wp:term":[{"taxonomy":"product_brand","embeddable":true,"href":"https:\/\/imprimeideas.es\/en\/wp-json\/wp\/v2\/product_brand?post=48750"},{"taxonomy":"product_cat","embeddable":true,"href":"https:\/\/imprimeideas.es\/en\/wp-json\/wp\/v2\/product_cat?post=48750"},{"taxonomy":"product_tag","embeddable":true,"href":"https:\/\/imprimeideas.es\/en\/wp-json\/wp\/v2\/product_tag?post=48750"}],"curies":[{"name":"wp","href":"https:\/\/api.w.org\/{rel}","templated":true}]}}