{"id":48723,"date":"2026-02-24T11:45:52","date_gmt":"2026-02-24T10:45:52","guid":{"rendered":"https:\/\/imprimeideas.es\/?post_type=product&p=48723"},"modified":"2026-02-26T18:23:20","modified_gmt":"2026-02-26T17:23:20","slug":"set-cosmor","status":"publish","type":"product","link":"https:\/\/imprimeideas.es\/en\/product\/set-cosmor\/","title":{"rendered":"Set Cosmor"},"content":{"rendered":"<p>Completo set que incluye:- Vaso fabricado en resistente PP con 370 ml de capacidad.Incorpora una tapa dosificadora para mayor comodidad.- Bloc de anillas con tapas de ca\u00f1a de trigo con bol\u00edgrafo a juego. De tama\u00f1o compacto, con el\u00e1stico de cierre en elegante color negro. Incluye 70 hojas con disposici\u00f3n a una raya y dise\u00f1o eco. Bol\u00edgrafo de mecanismo pulsador en ca\u00f1a de trigo con tinta azul. Incluye distintivo Wheat Straw.Presentado en caja de dise\u00f1o kraft.La Ca\u00f1a de Trigo fomenta la utilizaci\u00f3n de materias primas naturales, reduciendo as\u00ed las emisiones contaminantes.<\/p>","protected":false},"excerpt":{"rendered":"<p>Vaso PP, 370 ml. Bloc Ca\u00f1a de Trigo\/ PP, Portada Flexible, 70 Hojas. Bol\u00edgrafo Ca\u00f1a de Trigo\/ PP<\/p>","protected":false},"featured_media":72540,"comment_status":"open","ping_status":"open","template":"","meta":{"inline_featured_image":false},"product_brand":[],"product_cat":[96,106],"product_tag":[],"class_list":{"0":"post-48723","1":"product","2":"type-product","3":"status-publish","4":"has-post-thumbnail","6":"product_cat-oficina-y-negocios","7":"product_cat-regalos-y-premiums","9":"first","10":"instock","11":"taxable","12":"shipping-taxable","13":"purchasable","14":"product-type-variable","15":"has-default-attributes"},"aioseo_notices":[],"_links":{"self":[{"href":"https:\/\/imprimeideas.es\/en\/wp-json\/wp\/v2\/product\/48723","targetHints":{"allow":["GET"]}}],"collection":[{"href":"https:\/\/imprimeideas.es\/en\/wp-json\/wp\/v2\/product"}],"about":[{"href":"https:\/\/imprimeideas.es\/en\/wp-json\/wp\/v2\/types\/product"}],"replies":[{"embeddable":true,"href":"https:\/\/imprimeideas.es\/en\/wp-json\/wp\/v2\/comments?post=48723"}],"version-history":[{"count":1,"href":"https:\/\/imprimeideas.es\/en\/wp-json\/wp\/v2\/product\/48723\/revisions"}],"predecessor-version":[{"id":56273,"href":"https:\/\/imprimeideas.es\/en\/wp-json\/wp\/v2\/product\/48723\/revisions\/56273"}],"wp:featuredmedia":[{"embeddable":true,"href":"https:\/\/imprimeideas.es\/en\/wp-json\/wp\/v2\/media\/72540"}],"wp:attachment":[{"href":"https:\/\/imprimeideas.es\/en\/wp-json\/wp\/v2\/media?parent=48723"}],"wp:term":[{"taxonomy":"product_brand","embeddable":true,"href":"https:\/\/imprimeideas.es\/en\/wp-json\/wp\/v2\/product_brand?post=48723"},{"taxonomy":"product_cat","embeddable":true,"href":"https:\/\/imprimeideas.es\/en\/wp-json\/wp\/v2\/product_cat?post=48723"},{"taxonomy":"product_tag","embeddable":true,"href":"https:\/\/imprimeideas.es\/en\/wp-json\/wp\/v2\/product_tag?post=48723"}],"curies":[{"name":"wp","href":"https:\/\/api.w.org\/{rel}","templated":true}]}}