{"id":48704,"date":"2026-02-24T11:45:50","date_gmt":"2026-02-24T10:45:50","guid":{"rendered":"https:\/\/imprimeideas.es\/?post_type=product&p=48704"},"modified":"2026-02-26T18:32:57","modified_gmt":"2026-02-26T17:32:57","slug":"bidon-kramex","status":"publish","type":"product","link":"https:\/\/imprimeideas.es\/en\/product\/bidon-kramex\/","title":{"rendered":"Bid\u00f3n Kramex"},"content":{"rendered":"<p>Bid\u00f3n fabricado en cristal de 1L de capacidad, dise\u00f1ado para fomentar una hidrataci\u00f3n adecuada. Recubierto con funda de silicona que protege y proporciona un agarre c\u00f3modo y seguro.Incluye indicador de capacidad en litros y onzas, acompa\u00f1ado de frases motivadoras que inspiran a mantener una correcta hidrataci\u00f3n diaria. Tap\u00f3n, elaborado en bamb\u00fa, incluye pr\u00e1ctico cord\u00f3n para facilitar su transporte. Libre de BPA.<\/p>","protected":false},"excerpt":{"rendered":"<p>1 L. Funda Silicona<\/p>","protected":false},"featured_media":49624,"comment_status":"open","ping_status":"open","template":"","meta":{"inline_featured_image":false},"product_brand":[],"product_cat":[97],"product_tag":[],"class_list":{"0":"post-48704","1":"product","2":"type-product","3":"status-publish","4":"has-post-thumbnail","6":"product_cat-tazas-jarras-y-termos","8":"first","9":"instock","10":"taxable","11":"shipping-taxable","12":"purchasable","13":"product-type-variable","14":"has-default-attributes"},"aioseo_notices":[],"_links":{"self":[{"href":"https:\/\/imprimeideas.es\/en\/wp-json\/wp\/v2\/product\/48704","targetHints":{"allow":["GET"]}}],"collection":[{"href":"https:\/\/imprimeideas.es\/en\/wp-json\/wp\/v2\/product"}],"about":[{"href":"https:\/\/imprimeideas.es\/en\/wp-json\/wp\/v2\/types\/product"}],"replies":[{"embeddable":true,"href":"https:\/\/imprimeideas.es\/en\/wp-json\/wp\/v2\/comments?post=48704"}],"version-history":[{"count":1,"href":"https:\/\/imprimeideas.es\/en\/wp-json\/wp\/v2\/product\/48704\/revisions"}],"predecessor-version":[{"id":56270,"href":"https:\/\/imprimeideas.es\/en\/wp-json\/wp\/v2\/product\/48704\/revisions\/56270"}],"wp:featuredmedia":[{"embeddable":true,"href":"https:\/\/imprimeideas.es\/en\/wp-json\/wp\/v2\/media\/49624"}],"wp:attachment":[{"href":"https:\/\/imprimeideas.es\/en\/wp-json\/wp\/v2\/media?parent=48704"}],"wp:term":[{"taxonomy":"product_brand","embeddable":true,"href":"https:\/\/imprimeideas.es\/en\/wp-json\/wp\/v2\/product_brand?post=48704"},{"taxonomy":"product_cat","embeddable":true,"href":"https:\/\/imprimeideas.es\/en\/wp-json\/wp\/v2\/product_cat?post=48704"},{"taxonomy":"product_tag","embeddable":true,"href":"https:\/\/imprimeideas.es\/en\/wp-json\/wp\/v2\/product_tag?post=48704"}],"curies":[{"name":"wp","href":"https:\/\/api.w.org\/{rel}","templated":true}]}}