{"id":48646,"date":"2026-02-24T11:45:43","date_gmt":"2026-02-24T10:45:43","guid":{"rendered":"https:\/\/imprimeideas.es\/?post_type=product&p=48646"},"modified":"2026-02-26T18:42:27","modified_gmt":"2026-02-26T17:42:27","slug":"bidon-heiza","status":"publish","type":"product","link":"https:\/\/imprimeideas.es\/en\/product\/bidon-heiza\/","title":{"rendered":"Bid\u00f3n Heiza"},"content":{"rendered":"<p>Bid\u00f3n en resistente RPET con 1,8 L de capacidad. Con original forma de kettlebell en color transl\u00facido brillo. Incluye de cierre a rosca para un \u00f3ptimo sellado, pajita y firme asa de transporte. Libre de BPA.El material RPET se elabora a partir de pl\u00e1stico reciclado, para as\u00ed fomentar la reutilizaci\u00f3n de residuos pl\u00e1sticos y ayudar a la sostenibilidad del planeta.<\/p>","protected":false},"excerpt":{"rendered":"<p>1,8 L<\/p>","protected":false},"featured_media":63414,"comment_status":"open","ping_status":"open","template":"","meta":{"inline_featured_image":false},"product_brand":[],"product_cat":[101,97],"product_tag":[],"class_list":{"0":"post-48646","1":"product","2":"type-product","3":"status-publish","4":"has-post-thumbnail","6":"product_cat-deporte-y-aventura","7":"product_cat-tazas-jarras-y-termos","9":"first","10":"instock","11":"taxable","12":"shipping-taxable","13":"purchasable","14":"product-type-variable","15":"has-default-attributes"},"aioseo_notices":[],"_links":{"self":[{"href":"https:\/\/imprimeideas.es\/en\/wp-json\/wp\/v2\/product\/48646","targetHints":{"allow":["GET"]}}],"collection":[{"href":"https:\/\/imprimeideas.es\/en\/wp-json\/wp\/v2\/product"}],"about":[{"href":"https:\/\/imprimeideas.es\/en\/wp-json\/wp\/v2\/types\/product"}],"replies":[{"embeddable":true,"href":"https:\/\/imprimeideas.es\/en\/wp-json\/wp\/v2\/comments?post=48646"}],"version-history":[{"count":1,"href":"https:\/\/imprimeideas.es\/en\/wp-json\/wp\/v2\/product\/48646\/revisions"}],"predecessor-version":[{"id":56262,"href":"https:\/\/imprimeideas.es\/en\/wp-json\/wp\/v2\/product\/48646\/revisions\/56262"}],"wp:featuredmedia":[{"embeddable":true,"href":"https:\/\/imprimeideas.es\/en\/wp-json\/wp\/v2\/media\/63414"}],"wp:attachment":[{"href":"https:\/\/imprimeideas.es\/en\/wp-json\/wp\/v2\/media?parent=48646"}],"wp:term":[{"taxonomy":"product_brand","embeddable":true,"href":"https:\/\/imprimeideas.es\/en\/wp-json\/wp\/v2\/product_brand?post=48646"},{"taxonomy":"product_cat","embeddable":true,"href":"https:\/\/imprimeideas.es\/en\/wp-json\/wp\/v2\/product_cat?post=48646"},{"taxonomy":"product_tag","embeddable":true,"href":"https:\/\/imprimeideas.es\/en\/wp-json\/wp\/v2\/product_tag?post=48646"}],"curies":[{"name":"wp","href":"https:\/\/api.w.org\/{rel}","templated":true}]}}