{"id":48644,"date":"2026-02-24T11:45:43","date_gmt":"2026-02-24T10:45:43","guid":{"rendered":"https:\/\/imprimeideas.es\/?post_type=product&p=48644"},"modified":"2026-02-26T18:33:06","modified_gmt":"2026-02-26T17:33:06","slug":"bidon-termico-stork","status":"publish","type":"product","link":"https:\/\/imprimeideas.es\/en\/product\/bidon-termico-stork\/","title":{"rendered":"Bid\u00f3n T\u00e9rmico Stork"},"content":{"rendered":"<p>Bid\u00f3n t\u00e9rmico de 600 ml de capacidad, fabricado en Acero Inox Reciclado de doble pared. Con funci\u00f3n soporte magn\u00e9tico giratorio para smarthphone. Libre de BPA. Incluye distintivo de acero inoxidable reciclado.El acero es uno de los materiales m\u00e1s demandados y que puede encontrarse casi en todas partes, desde productos de uso diario a grandes construcciones. Con innumerables propiedades, entre las que cabe destacar la durabilidad y su alto grado de reutilizaci\u00f3n, convirti\u00e9ndolo en una alternativa muy valorada en soluciones de sostenibilidad. Debidamente tratado, permite obtener nuevos recursos de infinita utilizaci\u00f3n.<\/p>","protected":false},"excerpt":{"rendered":"<p>600 ml. Magn\u00e9tico<\/p>","protected":false},"featured_media":68627,"comment_status":"open","ping_status":"open","template":"","meta":{"inline_featured_image":false},"product_brand":[],"product_cat":[97],"product_tag":[],"class_list":{"0":"post-48644","1":"product","2":"type-product","3":"status-publish","4":"has-post-thumbnail","6":"product_cat-tazas-jarras-y-termos","8":"first","9":"instock","10":"taxable","11":"shipping-taxable","12":"purchasable","13":"product-type-variable","14":"has-default-attributes"},"aioseo_notices":[],"_links":{"self":[{"href":"https:\/\/imprimeideas.es\/en\/wp-json\/wp\/v2\/product\/48644","targetHints":{"allow":["GET"]}}],"collection":[{"href":"https:\/\/imprimeideas.es\/en\/wp-json\/wp\/v2\/product"}],"about":[{"href":"https:\/\/imprimeideas.es\/en\/wp-json\/wp\/v2\/types\/product"}],"replies":[{"embeddable":true,"href":"https:\/\/imprimeideas.es\/en\/wp-json\/wp\/v2\/comments?post=48644"}],"version-history":[{"count":1,"href":"https:\/\/imprimeideas.es\/en\/wp-json\/wp\/v2\/product\/48644\/revisions"}],"predecessor-version":[{"id":56261,"href":"https:\/\/imprimeideas.es\/en\/wp-json\/wp\/v2\/product\/48644\/revisions\/56261"}],"wp:featuredmedia":[{"embeddable":true,"href":"https:\/\/imprimeideas.es\/en\/wp-json\/wp\/v2\/media\/68627"}],"wp:attachment":[{"href":"https:\/\/imprimeideas.es\/en\/wp-json\/wp\/v2\/media?parent=48644"}],"wp:term":[{"taxonomy":"product_brand","embeddable":true,"href":"https:\/\/imprimeideas.es\/en\/wp-json\/wp\/v2\/product_brand?post=48644"},{"taxonomy":"product_cat","embeddable":true,"href":"https:\/\/imprimeideas.es\/en\/wp-json\/wp\/v2\/product_cat?post=48644"},{"taxonomy":"product_tag","embeddable":true,"href":"https:\/\/imprimeideas.es\/en\/wp-json\/wp\/v2\/product_tag?post=48644"}],"curies":[{"name":"wp","href":"https:\/\/api.w.org\/{rel}","templated":true}]}}