{"id":48632,"date":"2026-02-24T11:45:41","date_gmt":"2026-02-24T10:45:41","guid":{"rendered":"https:\/\/imprimeideas.es\/?post_type=product&p=48632"},"modified":"2026-02-26T18:08:20","modified_gmt":"2026-02-26T17:08:20","slug":"bidon-sublimacion-stevens","status":"publish","type":"product","link":"https:\/\/imprimeideas.es\/en\/product\/bidon-sublimacion-stevens\/","title":{"rendered":"Bid\u00f3n Sublimaci\u00f3n Stevens"},"content":{"rendered":"<p>Bid\u00f3n de 500 ml de capacidad, ideal para marcaje en sublimaci\u00f3n. Cuerpo fabricado en cristal acabado frosted y tap\u00f3n de acero inox libre de BPA. Incluye pr\u00e1ctico cord\u00f3n de para transporte.<\/p>","protected":false},"excerpt":{"rendered":"<p>500 ml<\/p>","protected":false},"featured_media":63670,"comment_status":"open","ping_status":"open","template":"","meta":{"inline_featured_image":false},"product_brand":[],"product_cat":[115,97],"product_tag":[],"class_list":{"0":"post-48632","1":"product","2":"type-product","3":"status-publish","4":"has-post-thumbnail","6":"product_cat-sublimacion","7":"product_cat-tazas-jarras-y-termos","9":"first","10":"instock","11":"taxable","12":"shipping-taxable","13":"purchasable","14":"product-type-variable","15":"has-default-attributes"},"aioseo_notices":[],"_links":{"self":[{"href":"https:\/\/imprimeideas.es\/en\/wp-json\/wp\/v2\/product\/48632","targetHints":{"allow":["GET"]}}],"collection":[{"href":"https:\/\/imprimeideas.es\/en\/wp-json\/wp\/v2\/product"}],"about":[{"href":"https:\/\/imprimeideas.es\/en\/wp-json\/wp\/v2\/types\/product"}],"replies":[{"embeddable":true,"href":"https:\/\/imprimeideas.es\/en\/wp-json\/wp\/v2\/comments?post=48632"}],"version-history":[{"count":1,"href":"https:\/\/imprimeideas.es\/en\/wp-json\/wp\/v2\/product\/48632\/revisions"}],"predecessor-version":[{"id":56258,"href":"https:\/\/imprimeideas.es\/en\/wp-json\/wp\/v2\/product\/48632\/revisions\/56258"}],"wp:featuredmedia":[{"embeddable":true,"href":"https:\/\/imprimeideas.es\/en\/wp-json\/wp\/v2\/media\/63670"}],"wp:attachment":[{"href":"https:\/\/imprimeideas.es\/en\/wp-json\/wp\/v2\/media?parent=48632"}],"wp:term":[{"taxonomy":"product_brand","embeddable":true,"href":"https:\/\/imprimeideas.es\/en\/wp-json\/wp\/v2\/product_brand?post=48632"},{"taxonomy":"product_cat","embeddable":true,"href":"https:\/\/imprimeideas.es\/en\/wp-json\/wp\/v2\/product_cat?post=48632"},{"taxonomy":"product_tag","embeddable":true,"href":"https:\/\/imprimeideas.es\/en\/wp-json\/wp\/v2\/product_tag?post=48632"}],"curies":[{"name":"wp","href":"https:\/\/api.w.org\/{rel}","templated":true}]}}