{"id":48626,"date":"2026-02-24T11:45:40","date_gmt":"2026-02-24T10:45:40","guid":{"rendered":"https:\/\/imprimeideas.es\/?post_type=product&p=48626"},"modified":"2026-02-26T18:42:27","modified_gmt":"2026-02-26T17:42:27","slug":"placa-sublimacion-heysi","status":"publish","type":"product","link":"https:\/\/imprimeideas.es\/en\/product\/placa-sublimacion-heysi\/","title":{"rendered":"Placa Sublimaci\u00f3n Heysi"},"content":{"rendered":"<p>Placa de pizarra, ideal para sublimaci\u00f3n. Incluye soportes de exposici\u00f3n en resistente ABS. Ideal para regalos personalizados, reconocimientos,premios y decoraci\u00f3n.<\/p>","protected":false},"excerpt":{"rendered":"<p>Placa de pizarra, ideal para sublimaci\u00f3n. Incluye soportes de exposici\u00f3n en resistente ABS. Ideal para regalos personalizados, reconocimientos,premios y decoraci\u00f3n.<\/p>","protected":false},"featured_media":77762,"comment_status":"open","ping_status":"open","template":"","meta":{"inline_featured_image":false},"product_brand":[],"product_cat":[104,106,115],"product_tag":[],"class_list":{"0":"post-48626","1":"product","2":"type-product","3":"status-publish","4":"has-post-thumbnail","6":"product_cat-hogar-y-decoracion","7":"product_cat-regalos-y-premiums","8":"product_cat-sublimacion","10":"first","11":"instock","12":"taxable","13":"shipping-taxable","14":"purchasable","15":"product-type-variable","16":"has-default-attributes"},"aioseo_notices":[],"_links":{"self":[{"href":"https:\/\/imprimeideas.es\/en\/wp-json\/wp\/v2\/product\/48626","targetHints":{"allow":["GET"]}}],"collection":[{"href":"https:\/\/imprimeideas.es\/en\/wp-json\/wp\/v2\/product"}],"about":[{"href":"https:\/\/imprimeideas.es\/en\/wp-json\/wp\/v2\/types\/product"}],"replies":[{"embeddable":true,"href":"https:\/\/imprimeideas.es\/en\/wp-json\/wp\/v2\/comments?post=48626"}],"version-history":[{"count":1,"href":"https:\/\/imprimeideas.es\/en\/wp-json\/wp\/v2\/product\/48626\/revisions"}],"predecessor-version":[{"id":56255,"href":"https:\/\/imprimeideas.es\/en\/wp-json\/wp\/v2\/product\/48626\/revisions\/56255"}],"wp:featuredmedia":[{"embeddable":true,"href":"https:\/\/imprimeideas.es\/en\/wp-json\/wp\/v2\/media\/77762"}],"wp:attachment":[{"href":"https:\/\/imprimeideas.es\/en\/wp-json\/wp\/v2\/media?parent=48626"}],"wp:term":[{"taxonomy":"product_brand","embeddable":true,"href":"https:\/\/imprimeideas.es\/en\/wp-json\/wp\/v2\/product_brand?post=48626"},{"taxonomy":"product_cat","embeddable":true,"href":"https:\/\/imprimeideas.es\/en\/wp-json\/wp\/v2\/product_cat?post=48626"},{"taxonomy":"product_tag","embeddable":true,"href":"https:\/\/imprimeideas.es\/en\/wp-json\/wp\/v2\/product_tag?post=48626"}],"curies":[{"name":"wp","href":"https:\/\/api.w.org\/{rel}","templated":true}]}}