{"id":48598,"date":"2026-02-24T11:45:37","date_gmt":"2026-02-24T10:45:37","guid":{"rendered":"https:\/\/imprimeideas.es\/?post_type=product&p=48598"},"modified":"2026-02-26T18:37:30","modified_gmt":"2026-02-26T17:37:30","slug":"silbato-recom","status":"publish","type":"product","link":"https:\/\/imprimeideas.es\/en\/product\/silbato-recom\/","title":{"rendered":"Silbato Recom"},"content":{"rendered":"<p>Silbato luminoso con LEDs multicolor que ofrecen varias posiciones de iluminaci\u00f3n: parpadeo lento, medio o r\u00e1pido, adapt\u00e1ndose a diferentes ambientes. Incluye pr\u00e1ctico bot\u00f3n de encendido\/apagado. Incorpora cord\u00f3n para un transporte c\u00f3modo y funciona con tres pilas de bot\u00f3n (incluidas).<\/p>","protected":false},"excerpt":{"rendered":"<p>Luces Led Multicolor. 3 Posiciones de Luz. Pilas Bot\u00f3n Incluidas<\/p>","protected":false},"featured_media":83272,"comment_status":"open","ping_status":"open","template":"","meta":{"inline_featured_image":false},"product_brand":[],"product_cat":[113],"product_tag":[],"class_list":{"0":"post-48598","1":"product","2":"type-product","3":"status-publish","4":"has-post-thumbnail","6":"product_cat-eventos-y-fiesta","8":"first","9":"outofstock","10":"taxable","11":"shipping-taxable","12":"purchasable","13":"product-type-variable","14":"has-default-attributes"},"aioseo_notices":[],"_links":{"self":[{"href":"https:\/\/imprimeideas.es\/en\/wp-json\/wp\/v2\/product\/48598","targetHints":{"allow":["GET"]}}],"collection":[{"href":"https:\/\/imprimeideas.es\/en\/wp-json\/wp\/v2\/product"}],"about":[{"href":"https:\/\/imprimeideas.es\/en\/wp-json\/wp\/v2\/types\/product"}],"replies":[{"embeddable":true,"href":"https:\/\/imprimeideas.es\/en\/wp-json\/wp\/v2\/comments?post=48598"}],"version-history":[{"count":1,"href":"https:\/\/imprimeideas.es\/en\/wp-json\/wp\/v2\/product\/48598\/revisions"}],"predecessor-version":[{"id":56247,"href":"https:\/\/imprimeideas.es\/en\/wp-json\/wp\/v2\/product\/48598\/revisions\/56247"}],"wp:featuredmedia":[{"embeddable":true,"href":"https:\/\/imprimeideas.es\/en\/wp-json\/wp\/v2\/media\/83272"}],"wp:attachment":[{"href":"https:\/\/imprimeideas.es\/en\/wp-json\/wp\/v2\/media?parent=48598"}],"wp:term":[{"taxonomy":"product_brand","embeddable":true,"href":"https:\/\/imprimeideas.es\/en\/wp-json\/wp\/v2\/product_brand?post=48598"},{"taxonomy":"product_cat","embeddable":true,"href":"https:\/\/imprimeideas.es\/en\/wp-json\/wp\/v2\/product_cat?post=48598"},{"taxonomy":"product_tag","embeddable":true,"href":"https:\/\/imprimeideas.es\/en\/wp-json\/wp\/v2\/product_tag?post=48598"}],"curies":[{"name":"wp","href":"https:\/\/api.w.org\/{rel}","templated":true}]}}