{"id":48587,"date":"2026-02-24T11:45:36","date_gmt":"2026-02-24T10:45:36","guid":{"rendered":"https:\/\/imprimeideas.es\/?post_type=product&p=48587"},"modified":"2026-02-26T18:28:10","modified_gmt":"2026-02-26T17:28:10","slug":"vela-turuk","status":"publish","type":"product","link":"https:\/\/imprimeideas.es\/en\/product\/vela-turuk\/","title":{"rendered":"Vela Turuk"},"content":{"rendered":"<p>Vela decorativa de Halloween con dise\u00f1os diferentes en cada cara. Con iluminaci\u00f3n LED alimentada por pilas de bot\u00f3n (incluidas) y pr\u00e1ctico bot\u00f3n de encendido\/apagado.<\/p>","protected":false},"excerpt":{"rendered":"<p>1 Led. Pilas Bot\u00f3n Incluidas<\/p>","protected":false},"featured_media":82794,"comment_status":"open","ping_status":"open","template":"","meta":{"inline_featured_image":false},"product_brand":[],"product_cat":[113],"product_tag":[],"class_list":{"0":"post-48587","1":"product","2":"type-product","3":"status-publish","4":"has-post-thumbnail","6":"product_cat-eventos-y-fiesta","8":"first","9":"instock","10":"taxable","11":"shipping-taxable","12":"purchasable","13":"product-type-variable","14":"has-default-attributes"},"aioseo_notices":[],"_links":{"self":[{"href":"https:\/\/imprimeideas.es\/en\/wp-json\/wp\/v2\/product\/48587","targetHints":{"allow":["GET"]}}],"collection":[{"href":"https:\/\/imprimeideas.es\/en\/wp-json\/wp\/v2\/product"}],"about":[{"href":"https:\/\/imprimeideas.es\/en\/wp-json\/wp\/v2\/types\/product"}],"replies":[{"embeddable":true,"href":"https:\/\/imprimeideas.es\/en\/wp-json\/wp\/v2\/comments?post=48587"}],"version-history":[{"count":1,"href":"https:\/\/imprimeideas.es\/en\/wp-json\/wp\/v2\/product\/48587\/revisions"}],"predecessor-version":[{"id":56243,"href":"https:\/\/imprimeideas.es\/en\/wp-json\/wp\/v2\/product\/48587\/revisions\/56243"}],"wp:featuredmedia":[{"embeddable":true,"href":"https:\/\/imprimeideas.es\/en\/wp-json\/wp\/v2\/media\/82794"}],"wp:attachment":[{"href":"https:\/\/imprimeideas.es\/en\/wp-json\/wp\/v2\/media?parent=48587"}],"wp:term":[{"taxonomy":"product_brand","embeddable":true,"href":"https:\/\/imprimeideas.es\/en\/wp-json\/wp\/v2\/product_brand?post=48587"},{"taxonomy":"product_cat","embeddable":true,"href":"https:\/\/imprimeideas.es\/en\/wp-json\/wp\/v2\/product_cat?post=48587"},{"taxonomy":"product_tag","embeddable":true,"href":"https:\/\/imprimeideas.es\/en\/wp-json\/wp\/v2\/product_tag?post=48587"}],"curies":[{"name":"wp","href":"https:\/\/api.w.org\/{rel}","templated":true}]}}