{"id":48558,"date":"2026-02-24T11:45:32","date_gmt":"2026-02-24T10:45:32","guid":{"rendered":"https:\/\/imprimeideas.es\/?post_type=product&p=48558"},"modified":"2026-02-26T18:19:24","modified_gmt":"2026-02-26T17:19:24","slug":"paraguas-winsler","status":"publish","type":"product","link":"https:\/\/imprimeideas.es\/en\/product\/paraguas-winsler\/","title":{"rendered":"Paraguas Winsler"},"content":{"rendered":"<p>Paraguas plegable de 96 cm de di\u00e1metro, ideal para protegerte de la lluvia y los rayos solares gracias a su tejido de poli\u00e9ster 190T con protecci\u00f3n solar UPF50+.Cuenta con apertura y cierre manual, varillas met\u00e1licas para mayor resistencia y mango de acabado mate. Su sistema de protecci\u00f3n solar UPF50+, bloquea hasta el 98% de los rayos UV, proporcionando una barrera eficaz contra los da\u00f1os solares y garantizando la seguridad de tu piel durante exposiciones prolongadas.<\/p>","protected":false},"excerpt":{"rendered":"<p>21&#8243;. Protecci\u00f3n Rayos UV. Funda Poli\u00e9ster<\/p>","protected":false},"featured_media":70436,"comment_status":"open","ping_status":"open","template":"","meta":{"inline_featured_image":false},"product_brand":[],"product_cat":[118,114],"product_tag":[],"class_list":{"0":"post-48558","1":"product","2":"type-product","3":"status-publish","4":"has-post-thumbnail","6":"product_cat-lluvia-y-frio","7":"product_cat-verano-y-playa","9":"first","10":"instock","11":"taxable","12":"shipping-taxable","13":"purchasable","14":"product-type-variable","15":"has-default-attributes"},"aioseo_notices":[],"_links":{"self":[{"href":"https:\/\/imprimeideas.es\/en\/wp-json\/wp\/v2\/product\/48558","targetHints":{"allow":["GET"]}}],"collection":[{"href":"https:\/\/imprimeideas.es\/en\/wp-json\/wp\/v2\/product"}],"about":[{"href":"https:\/\/imprimeideas.es\/en\/wp-json\/wp\/v2\/types\/product"}],"replies":[{"embeddable":true,"href":"https:\/\/imprimeideas.es\/en\/wp-json\/wp\/v2\/comments?post=48558"}],"version-history":[{"count":1,"href":"https:\/\/imprimeideas.es\/en\/wp-json\/wp\/v2\/product\/48558\/revisions"}],"predecessor-version":[{"id":56237,"href":"https:\/\/imprimeideas.es\/en\/wp-json\/wp\/v2\/product\/48558\/revisions\/56237"}],"wp:featuredmedia":[{"embeddable":true,"href":"https:\/\/imprimeideas.es\/en\/wp-json\/wp\/v2\/media\/70436"}],"wp:attachment":[{"href":"https:\/\/imprimeideas.es\/en\/wp-json\/wp\/v2\/media?parent=48558"}],"wp:term":[{"taxonomy":"product_brand","embeddable":true,"href":"https:\/\/imprimeideas.es\/en\/wp-json\/wp\/v2\/product_brand?post=48558"},{"taxonomy":"product_cat","embeddable":true,"href":"https:\/\/imprimeideas.es\/en\/wp-json\/wp\/v2\/product_cat?post=48558"},{"taxonomy":"product_tag","embeddable":true,"href":"https:\/\/imprimeideas.es\/en\/wp-json\/wp\/v2\/product_tag?post=48558"}],"curies":[{"name":"wp","href":"https:\/\/api.w.org\/{rel}","templated":true}]}}