{"id":48556,"date":"2026-02-24T11:45:32","date_gmt":"2026-02-24T10:45:32","guid":{"rendered":"https:\/\/imprimeideas.es\/?post_type=product&p=48556"},"modified":"2026-02-26T18:32:58","modified_gmt":"2026-02-26T17:32:58","slug":"gorra-cuarich","status":"publish","type":"product","link":"https:\/\/imprimeideas.es\/en\/product\/gorra-cuarich\/","title":{"rendered":"Gorra Cuarich"},"content":{"rendered":"<p>Gorra con orejeras y c\u00e1lido interior polar fleece. Incluye cord\u00f3n el\u00e1stico con accesorio de ajuste para adaptarse a diferentes tama\u00f1os y cierre de hebilla ajustable en la barbilla.<\/p>","protected":false},"excerpt":{"rendered":"<p>Cierre El\u00e1stico<\/p>","protected":false},"featured_media":76893,"comment_status":"open","ping_status":"open","template":"","meta":{"inline_featured_image":false},"product_brand":[],"product_cat":[112,118],"product_tag":[],"class_list":{"0":"post-48556","1":"product","2":"type-product","3":"status-publish","4":"has-post-thumbnail","6":"product_cat-gorras-y-sombreros","7":"product_cat-lluvia-y-frio","9":"first","10":"instock","11":"taxable","12":"shipping-taxable","13":"purchasable","14":"product-type-variable","15":"has-default-attributes"},"aioseo_notices":[],"_links":{"self":[{"href":"https:\/\/imprimeideas.es\/en\/wp-json\/wp\/v2\/product\/48556","targetHints":{"allow":["GET"]}}],"collection":[{"href":"https:\/\/imprimeideas.es\/en\/wp-json\/wp\/v2\/product"}],"about":[{"href":"https:\/\/imprimeideas.es\/en\/wp-json\/wp\/v2\/types\/product"}],"replies":[{"embeddable":true,"href":"https:\/\/imprimeideas.es\/en\/wp-json\/wp\/v2\/comments?post=48556"}],"version-history":[{"count":1,"href":"https:\/\/imprimeideas.es\/en\/wp-json\/wp\/v2\/product\/48556\/revisions"}],"predecessor-version":[{"id":56236,"href":"https:\/\/imprimeideas.es\/en\/wp-json\/wp\/v2\/product\/48556\/revisions\/56236"}],"wp:featuredmedia":[{"embeddable":true,"href":"https:\/\/imprimeideas.es\/en\/wp-json\/wp\/v2\/media\/76893"}],"wp:attachment":[{"href":"https:\/\/imprimeideas.es\/en\/wp-json\/wp\/v2\/media?parent=48556"}],"wp:term":[{"taxonomy":"product_brand","embeddable":true,"href":"https:\/\/imprimeideas.es\/en\/wp-json\/wp\/v2\/product_brand?post=48556"},{"taxonomy":"product_cat","embeddable":true,"href":"https:\/\/imprimeideas.es\/en\/wp-json\/wp\/v2\/product_cat?post=48556"},{"taxonomy":"product_tag","embeddable":true,"href":"https:\/\/imprimeideas.es\/en\/wp-json\/wp\/v2\/product_tag?post=48556"}],"curies":[{"name":"wp","href":"https:\/\/api.w.org\/{rel}","templated":true}]}}