{"id":48537,"date":"2026-02-24T11:45:30","date_gmt":"2026-02-24T10:45:30","guid":{"rendered":"https:\/\/imprimeideas.es\/?post_type=product&p=48537"},"modified":"2026-02-26T18:33:01","modified_gmt":"2026-02-26T17:33:01","slug":"dispensador-bolsas-kesler","status":"publish","type":"product","link":"https:\/\/imprimeideas.es\/en\/product\/dispensador-bolsas-kesler\/","title":{"rendered":"Dispensador Bolsas Kesler"},"content":{"rendered":"<p>Dispensador de bolsas para mascotas con resistente cuerpo en ABS y compartimento recargable para gel hidroalcoh\u00f3lico -incluye gel-. Equipado con mosquet\u00f3n met\u00e1lico para f\u00e1cil transporte. Incluye gel hidroalcoh\u00f3lico de 15ml y 15 bolsas.<\/p>","protected":false},"excerpt":{"rendered":"<p>Gel Hidroalcoh\u00f3lico 15 ml. 15 Bolsas Biodegradables Incluidas<\/p>","protected":false},"featured_media":69161,"comment_status":"open","ping_status":"open","template":"","meta":{"inline_featured_image":false},"product_brand":[],"product_cat":[109],"product_tag":[],"class_list":{"0":"post-48537","1":"product","2":"type-product","3":"status-publish","4":"has-post-thumbnail","6":"product_cat-productos-para-mascotas","8":"first","9":"instock","10":"taxable","11":"shipping-taxable","12":"purchasable","13":"product-type-variable","14":"has-default-attributes"},"aioseo_notices":[],"_links":{"self":[{"href":"https:\/\/imprimeideas.es\/en\/wp-json\/wp\/v2\/product\/48537","targetHints":{"allow":["GET"]}}],"collection":[{"href":"https:\/\/imprimeideas.es\/en\/wp-json\/wp\/v2\/product"}],"about":[{"href":"https:\/\/imprimeideas.es\/en\/wp-json\/wp\/v2\/types\/product"}],"replies":[{"embeddable":true,"href":"https:\/\/imprimeideas.es\/en\/wp-json\/wp\/v2\/comments?post=48537"}],"version-history":[{"count":1,"href":"https:\/\/imprimeideas.es\/en\/wp-json\/wp\/v2\/product\/48537\/revisions"}],"predecessor-version":[{"id":56231,"href":"https:\/\/imprimeideas.es\/en\/wp-json\/wp\/v2\/product\/48537\/revisions\/56231"}],"wp:featuredmedia":[{"embeddable":true,"href":"https:\/\/imprimeideas.es\/en\/wp-json\/wp\/v2\/media\/69161"}],"wp:attachment":[{"href":"https:\/\/imprimeideas.es\/en\/wp-json\/wp\/v2\/media?parent=48537"}],"wp:term":[{"taxonomy":"product_brand","embeddable":true,"href":"https:\/\/imprimeideas.es\/en\/wp-json\/wp\/v2\/product_brand?post=48537"},{"taxonomy":"product_cat","embeddable":true,"href":"https:\/\/imprimeideas.es\/en\/wp-json\/wp\/v2\/product_cat?post=48537"},{"taxonomy":"product_tag","embeddable":true,"href":"https:\/\/imprimeideas.es\/en\/wp-json\/wp\/v2\/product_tag?post=48537"}],"curies":[{"name":"wp","href":"https:\/\/api.w.org\/{rel}","templated":true}]}}