{"id":48507,"date":"2026-02-24T11:45:26","date_gmt":"2026-02-24T10:45:26","guid":{"rendered":"https:\/\/imprimeideas.es\/?post_type=product&p=48507"},"modified":"2026-02-26T18:08:04","modified_gmt":"2026-02-26T17:08:04","slug":"almohadilla-capucha-dolking","status":"publish","type":"product","link":"https:\/\/imprimeideas.es\/en\/product\/almohadilla-capucha-dolking\/","title":{"rendered":"Almohadilla Capucha Dolking"},"content":{"rendered":"<p>Almohadilla  fabricada en suave tejido de RPET, con un esponjoso relleno adaptable. Con capucha para mayor calidez y equipada con accesorio de ajuste personalizado, asa de transporte y funda de almacenamiento. Incluye distintivo de RPET en etiqueta.El material RPET se elabora a partir de pl\u00e1stico reciclado, para as\u00ed fomentar la reutilizaci\u00f3n de residuos pl\u00e1sticos y ayudar a la sostenibilidad del planeta.<\/p>","protected":false},"excerpt":{"rendered":"<p>Funda Poli\u00e9ster RPET<\/p>","protected":false},"featured_media":75087,"comment_status":"open","ping_status":"open","template":"","meta":{"inline_featured_image":false},"product_brand":[],"product_cat":[103],"product_tag":[],"class_list":{"0":"post-48507","1":"product","2":"type-product","3":"status-publish","4":"has-post-thumbnail","6":"product_cat-viaje","8":"first","9":"instock","10":"taxable","11":"shipping-taxable","12":"purchasable","13":"product-type-variable","14":"has-default-attributes"},"aioseo_notices":[],"_links":{"self":[{"href":"https:\/\/imprimeideas.es\/en\/wp-json\/wp\/v2\/product\/48507","targetHints":{"allow":["GET"]}}],"collection":[{"href":"https:\/\/imprimeideas.es\/en\/wp-json\/wp\/v2\/product"}],"about":[{"href":"https:\/\/imprimeideas.es\/en\/wp-json\/wp\/v2\/types\/product"}],"replies":[{"embeddable":true,"href":"https:\/\/imprimeideas.es\/en\/wp-json\/wp\/v2\/comments?post=48507"}],"version-history":[{"count":1,"href":"https:\/\/imprimeideas.es\/en\/wp-json\/wp\/v2\/product\/48507\/revisions"}],"predecessor-version":[{"id":56221,"href":"https:\/\/imprimeideas.es\/en\/wp-json\/wp\/v2\/product\/48507\/revisions\/56221"}],"wp:featuredmedia":[{"embeddable":true,"href":"https:\/\/imprimeideas.es\/en\/wp-json\/wp\/v2\/media\/75087"}],"wp:attachment":[{"href":"https:\/\/imprimeideas.es\/en\/wp-json\/wp\/v2\/media?parent=48507"}],"wp:term":[{"taxonomy":"product_brand","embeddable":true,"href":"https:\/\/imprimeideas.es\/en\/wp-json\/wp\/v2\/product_brand?post=48507"},{"taxonomy":"product_cat","embeddable":true,"href":"https:\/\/imprimeideas.es\/en\/wp-json\/wp\/v2\/product_cat?post=48507"},{"taxonomy":"product_tag","embeddable":true,"href":"https:\/\/imprimeideas.es\/en\/wp-json\/wp\/v2\/product_tag?post=48507"}],"curies":[{"name":"wp","href":"https:\/\/api.w.org\/{rel}","templated":true}]}}