{"id":48504,"date":"2026-02-24T11:45:26","date_gmt":"2026-02-24T10:45:26","guid":{"rendered":"https:\/\/imprimeideas.es\/?post_type=product&p=48504"},"modified":"2026-02-26T18:28:06","modified_gmt":"2026-02-26T17:28:06","slug":"almohadilla-mascara-viaje-pansir","status":"publish","type":"product","link":"https:\/\/imprimeideas.es\/en\/product\/almohadilla-mascara-viaje-pansir\/","title":{"rendered":"Almohadilla M\u00e1scara Viaje Pansir"},"content":{"rendered":"<p>Almohadilla con Antifaz ideal para viajes fabricada en suave material RPET.Incluye antifaz interior adaptable mediante dos gomas el\u00e1sticas a juego para mayor comodidad y descanso durante el viaje. Cuenta con un esponjoso reposacabezas plegable con cierre de cremallera, lo que facilita su almacenamiento. Adem\u00e1s, dispone de pr\u00e1ctico bolsillo exterior y mosquet\u00f3n de pl\u00e1stico en color negro, que permite transportarlo de c\u00f3moda.Este accesorio combina funcionalidad, dise\u00f1o compacto y  siendo perfecto sus viajes.El material RPET se elabora a partir de pl\u00e1stico reciclado, para as\u00ed fomentar la reutilizaci\u00f3n de residuos pl\u00e1sticos y ayudar a la sostenibilidad del planeta.<\/p>","protected":false},"excerpt":{"rendered":"<p>Almohadilla con Antifaz ideal para viajes fabricada en suave material RPET.Incluye antifaz interior adaptable mediante dos gomas el\u00e1sticas a juego<\/p>","protected":false},"featured_media":84404,"comment_status":"open","ping_status":"open","template":"","meta":{"inline_featured_image":false},"product_brand":[],"product_cat":[103],"product_tag":[],"class_list":{"0":"post-48504","1":"product","2":"type-product","3":"status-publish","4":"has-post-thumbnail","6":"product_cat-viaje","8":"first","9":"instock","10":"taxable","11":"shipping-taxable","12":"purchasable","13":"product-type-variable","14":"has-default-attributes"},"aioseo_notices":[],"_links":{"self":[{"href":"https:\/\/imprimeideas.es\/en\/wp-json\/wp\/v2\/product\/48504","targetHints":{"allow":["GET"]}}],"collection":[{"href":"https:\/\/imprimeideas.es\/en\/wp-json\/wp\/v2\/product"}],"about":[{"href":"https:\/\/imprimeideas.es\/en\/wp-json\/wp\/v2\/types\/product"}],"replies":[{"embeddable":true,"href":"https:\/\/imprimeideas.es\/en\/wp-json\/wp\/v2\/comments?post=48504"}],"version-history":[{"count":1,"href":"https:\/\/imprimeideas.es\/en\/wp-json\/wp\/v2\/product\/48504\/revisions"}],"predecessor-version":[{"id":56220,"href":"https:\/\/imprimeideas.es\/en\/wp-json\/wp\/v2\/product\/48504\/revisions\/56220"}],"wp:featuredmedia":[{"embeddable":true,"href":"https:\/\/imprimeideas.es\/en\/wp-json\/wp\/v2\/media\/84404"}],"wp:attachment":[{"href":"https:\/\/imprimeideas.es\/en\/wp-json\/wp\/v2\/media?parent=48504"}],"wp:term":[{"taxonomy":"product_brand","embeddable":true,"href":"https:\/\/imprimeideas.es\/en\/wp-json\/wp\/v2\/product_brand?post=48504"},{"taxonomy":"product_cat","embeddable":true,"href":"https:\/\/imprimeideas.es\/en\/wp-json\/wp\/v2\/product_cat?post=48504"},{"taxonomy":"product_tag","embeddable":true,"href":"https:\/\/imprimeideas.es\/en\/wp-json\/wp\/v2\/product_tag?post=48504"}],"curies":[{"name":"wp","href":"https:\/\/api.w.org\/{rel}","templated":true}]}}