{"id":48495,"date":"2026-02-24T11:45:24","date_gmt":"2026-02-24T10:45:24","guid":{"rendered":"https:\/\/imprimeideas.es\/?post_type=product&p=48495"},"modified":"2026-02-26T18:23:27","modified_gmt":"2026-02-26T17:23:27","slug":"pareo-toalla-kissler","status":"publish","type":"product","link":"https:\/\/imprimeideas.es\/en\/product\/pareo-toalla-kissler\/","title":{"rendered":"Pareo Toalla Kissler"},"content":{"rendered":"<p>Suave pareo-toalla de 150g\/m2 en combinaci\u00f3n de algod\u00f3n y poli\u00e9ster. Su dise\u00f1o cuenta con una base en color y  rayas blancas, .Incluye flecos en los extremos que a\u00f1aden un detalle decorativo  y que completan su acabado.<\/p>","protected":false},"excerpt":{"rendered":"<p>Suave pareo-toalla de 150g\/m2 en combinaci\u00f3n de algod\u00f3n y poli\u00e9ster. Su dise\u00f1o cuenta con una base en color y rayas<\/p>","protected":false},"featured_media":73831,"comment_status":"open","ping_status":"open","template":"","meta":{"inline_featured_image":false},"product_brand":[],"product_cat":[114],"product_tag":[],"class_list":{"0":"post-48495","1":"product","2":"type-product","3":"status-publish","4":"has-post-thumbnail","6":"product_cat-verano-y-playa","8":"first","9":"instock","10":"taxable","11":"shipping-taxable","12":"purchasable","13":"product-type-variable","14":"has-default-attributes"},"aioseo_notices":[],"_links":{"self":[{"href":"https:\/\/imprimeideas.es\/en\/wp-json\/wp\/v2\/product\/48495","targetHints":{"allow":["GET"]}}],"collection":[{"href":"https:\/\/imprimeideas.es\/en\/wp-json\/wp\/v2\/product"}],"about":[{"href":"https:\/\/imprimeideas.es\/en\/wp-json\/wp\/v2\/types\/product"}],"replies":[{"embeddable":true,"href":"https:\/\/imprimeideas.es\/en\/wp-json\/wp\/v2\/comments?post=48495"}],"version-history":[{"count":1,"href":"https:\/\/imprimeideas.es\/en\/wp-json\/wp\/v2\/product\/48495\/revisions"}],"predecessor-version":[{"id":56218,"href":"https:\/\/imprimeideas.es\/en\/wp-json\/wp\/v2\/product\/48495\/revisions\/56218"}],"wp:featuredmedia":[{"embeddable":true,"href":"https:\/\/imprimeideas.es\/en\/wp-json\/wp\/v2\/media\/73831"}],"wp:attachment":[{"href":"https:\/\/imprimeideas.es\/en\/wp-json\/wp\/v2\/media?parent=48495"}],"wp:term":[{"taxonomy":"product_brand","embeddable":true,"href":"https:\/\/imprimeideas.es\/en\/wp-json\/wp\/v2\/product_brand?post=48495"},{"taxonomy":"product_cat","embeddable":true,"href":"https:\/\/imprimeideas.es\/en\/wp-json\/wp\/v2\/product_cat?post=48495"},{"taxonomy":"product_tag","embeddable":true,"href":"https:\/\/imprimeideas.es\/en\/wp-json\/wp\/v2\/product_tag?post=48495"}],"curies":[{"name":"wp","href":"https:\/\/api.w.org\/{rel}","templated":true}]}}