{"id":48486,"date":"2026-02-24T11:45:23","date_gmt":"2026-02-24T10:45:23","guid":{"rendered":"https:\/\/imprimeideas.es\/?post_type=product&p=48486"},"modified":"2026-02-26T18:42:29","modified_gmt":"2026-02-26T17:42:29","slug":"toalla-brisly","status":"publish","type":"product","link":"https:\/\/imprimeideas.es\/en\/product\/toalla-brisly\/","title":{"rendered":"Toalla Brisly"},"content":{"rendered":"<p>Suave toalla fabricada en algod\u00f3n de 290g\/m2. Su dise\u00f1o se distingue por elegantes flecos en los extremos e incluye pr\u00e1ctica cinta el\u00e1stica que facilitan su transporte y almacenaje.<\/p>","protected":false},"excerpt":{"rendered":"<p>Suave toalla fabricada en algod\u00f3n de 290g\/m2. Su dise\u00f1o se distingue por elegantes flecos en los extremos e incluye pr\u00e1ctica<\/p>","protected":false},"featured_media":74474,"comment_status":"open","ping_status":"open","template":"","meta":{"inline_featured_image":false},"product_brand":[],"product_cat":[114],"product_tag":[],"class_list":{"0":"post-48486","1":"product","2":"type-product","3":"status-publish","4":"has-post-thumbnail","6":"product_cat-verano-y-playa","8":"first","9":"instock","10":"taxable","11":"shipping-taxable","12":"purchasable","13":"product-type-variable","14":"has-default-attributes"},"aioseo_notices":[],"_links":{"self":[{"href":"https:\/\/imprimeideas.es\/en\/wp-json\/wp\/v2\/product\/48486","targetHints":{"allow":["GET"]}}],"collection":[{"href":"https:\/\/imprimeideas.es\/en\/wp-json\/wp\/v2\/product"}],"about":[{"href":"https:\/\/imprimeideas.es\/en\/wp-json\/wp\/v2\/types\/product"}],"replies":[{"embeddable":true,"href":"https:\/\/imprimeideas.es\/en\/wp-json\/wp\/v2\/comments?post=48486"}],"version-history":[{"count":1,"href":"https:\/\/imprimeideas.es\/en\/wp-json\/wp\/v2\/product\/48486\/revisions"}],"predecessor-version":[{"id":56216,"href":"https:\/\/imprimeideas.es\/en\/wp-json\/wp\/v2\/product\/48486\/revisions\/56216"}],"wp:featuredmedia":[{"embeddable":true,"href":"https:\/\/imprimeideas.es\/en\/wp-json\/wp\/v2\/media\/74474"}],"wp:attachment":[{"href":"https:\/\/imprimeideas.es\/en\/wp-json\/wp\/v2\/media?parent=48486"}],"wp:term":[{"taxonomy":"product_brand","embeddable":true,"href":"https:\/\/imprimeideas.es\/en\/wp-json\/wp\/v2\/product_brand?post=48486"},{"taxonomy":"product_cat","embeddable":true,"href":"https:\/\/imprimeideas.es\/en\/wp-json\/wp\/v2\/product_cat?post=48486"},{"taxonomy":"product_tag","embeddable":true,"href":"https:\/\/imprimeideas.es\/en\/wp-json\/wp\/v2\/product_tag?post=48486"}],"curies":[{"name":"wp","href":"https:\/\/api.w.org\/{rel}","templated":true}]}}