{"id":48481,"date":"2026-02-24T11:45:22","date_gmt":"2026-02-24T10:45:22","guid":{"rendered":"https:\/\/imprimeideas.es\/?post_type=product&p=48481"},"modified":"2026-02-26T18:37:30","modified_gmt":"2026-02-26T17:37:30","slug":"pareo-toalla-mundry","status":"publish","type":"product","link":"https:\/\/imprimeideas.es\/en\/product\/pareo-toalla-mundry\/","title":{"rendered":"Pareo Toalla Mundry"},"content":{"rendered":"<p>Suave pareo-toalla de 3000 g\/m\u00b2, confeccionado en una combinaci\u00f3n de algod\u00f3n reciclado y poli\u00e9ster reciclado SEAQUAL.Su dise\u00f1o presenta una base en blanco combinada con rayas de color y decorada por distinguidos flecos en los extremos. Incluye etiqueta con dise\u00f1o SEAQUAL, que certifica su origen sostenible y su contribuci\u00f3n a la limpieza de oc\u00e9anos. SEAQUAL INITIATIVE trabaja con colaboradores y autoridades para ayudar a limpiar nuestros oc\u00e9anos. Los residuos marinos de nuestras playas, fondos y superficies oce\u00e1nicas, r\u00edos y estuarios son recogidos por programas de limpieza. Luego se clasifican en diferentes tipos de materiales y la porci\u00f3n de pl\u00e1stico se limpia y se transforma en PL\u00c1STICO MARINO RECICLADO, una materia prima completamente trazable y que crea productos sostenibles e inspiradores. Al elegir productos que contienen PL\u00c1STICO MARINO RECICLADO, est\u00e1s ayudando a limpiar nuestros oc\u00e9anos.JUNTOS POR UN OC\u00c9ANO LIMPIO.<\/p>","protected":false},"excerpt":{"rendered":"<p>Suave pareo-toalla de 3000 g\/m\u00b2, confeccionado en una combinaci\u00f3n de algod\u00f3n reciclado y poli\u00e9ster reciclado SEAQUAL.Su dise\u00f1o presenta una base<\/p>","protected":false},"featured_media":77525,"comment_status":"open","ping_status":"open","template":"","meta":{"inline_featured_image":false},"product_brand":[],"product_cat":[114],"product_tag":[],"class_list":{"0":"post-48481","1":"product","2":"type-product","3":"status-publish","4":"has-post-thumbnail","6":"product_cat-verano-y-playa","8":"first","9":"instock","10":"taxable","11":"shipping-taxable","12":"purchasable","13":"product-type-variable","14":"has-default-attributes"},"aioseo_notices":[],"_links":{"self":[{"href":"https:\/\/imprimeideas.es\/en\/wp-json\/wp\/v2\/product\/48481","targetHints":{"allow":["GET"]}}],"collection":[{"href":"https:\/\/imprimeideas.es\/en\/wp-json\/wp\/v2\/product"}],"about":[{"href":"https:\/\/imprimeideas.es\/en\/wp-json\/wp\/v2\/types\/product"}],"replies":[{"embeddable":true,"href":"https:\/\/imprimeideas.es\/en\/wp-json\/wp\/v2\/comments?post=48481"}],"version-history":[{"count":1,"href":"https:\/\/imprimeideas.es\/en\/wp-json\/wp\/v2\/product\/48481\/revisions"}],"predecessor-version":[{"id":56215,"href":"https:\/\/imprimeideas.es\/en\/wp-json\/wp\/v2\/product\/48481\/revisions\/56215"}],"wp:featuredmedia":[{"embeddable":true,"href":"https:\/\/imprimeideas.es\/en\/wp-json\/wp\/v2\/media\/77525"}],"wp:attachment":[{"href":"https:\/\/imprimeideas.es\/en\/wp-json\/wp\/v2\/media?parent=48481"}],"wp:term":[{"taxonomy":"product_brand","embeddable":true,"href":"https:\/\/imprimeideas.es\/en\/wp-json\/wp\/v2\/product_brand?post=48481"},{"taxonomy":"product_cat","embeddable":true,"href":"https:\/\/imprimeideas.es\/en\/wp-json\/wp\/v2\/product_cat?post=48481"},{"taxonomy":"product_tag","embeddable":true,"href":"https:\/\/imprimeideas.es\/en\/wp-json\/wp\/v2\/product_tag?post=48481"}],"curies":[{"name":"wp","href":"https:\/\/api.w.org\/{rel}","templated":true}]}}