{"id":48474,"date":"2026-02-24T11:45:21","date_gmt":"2026-02-24T10:45:21","guid":{"rendered":"https:\/\/imprimeideas.es\/?post_type=product&p=48474"},"modified":"2026-02-26T18:32:47","modified_gmt":"2026-02-26T17:32:47","slug":"kit-playa-dambury","status":"publish","type":"product","link":"https:\/\/imprimeideas.es\/en\/product\/kit-playa-dambury\/","title":{"rendered":"Kit Playa Dambury"},"content":{"rendered":"<p>Kit de excursi\u00f3n de 8 accesorios presentado en un estuche en resistente ABS, con pr\u00e1ctico mosquet\u00f3n met\u00e1lico para un c\u00f3modo transporte. Incluye toalla para limpieza de manos, toallita alivia picaduras, protecci\u00f3n solar SPF30, after sun, gel hidroalcoh\u00f3lico y vendas.<\/p>","protected":false},"excerpt":{"rendered":"<p>8 Accesorios<\/p>","protected":false},"featured_media":75510,"comment_status":"open","ping_status":"open","template":"","meta":{"inline_featured_image":false},"product_brand":[],"product_cat":[107,113,114,105],"product_tag":[],"class_list":{"0":"post-48474","1":"product","2":"type-product","3":"status-publish","4":"has-post-thumbnail","6":"product_cat-cuidado-personal-y-pharma","7":"product_cat-eventos-y-fiesta","8":"product_cat-verano-y-playa","9":"product_cat-vino-accesorios-de-bebida-y-hosteleria","11":"first","12":"outofstock","13":"taxable","14":"shipping-taxable","15":"purchasable","16":"product-type-variable","17":"has-default-attributes"},"aioseo_notices":[],"_links":{"self":[{"href":"https:\/\/imprimeideas.es\/en\/wp-json\/wp\/v2\/product\/48474","targetHints":{"allow":["GET"]}}],"collection":[{"href":"https:\/\/imprimeideas.es\/en\/wp-json\/wp\/v2\/product"}],"about":[{"href":"https:\/\/imprimeideas.es\/en\/wp-json\/wp\/v2\/types\/product"}],"replies":[{"embeddable":true,"href":"https:\/\/imprimeideas.es\/en\/wp-json\/wp\/v2\/comments?post=48474"}],"version-history":[{"count":1,"href":"https:\/\/imprimeideas.es\/en\/wp-json\/wp\/v2\/product\/48474\/revisions"}],"predecessor-version":[{"id":56213,"href":"https:\/\/imprimeideas.es\/en\/wp-json\/wp\/v2\/product\/48474\/revisions\/56213"}],"wp:featuredmedia":[{"embeddable":true,"href":"https:\/\/imprimeideas.es\/en\/wp-json\/wp\/v2\/media\/75510"}],"wp:attachment":[{"href":"https:\/\/imprimeideas.es\/en\/wp-json\/wp\/v2\/media?parent=48474"}],"wp:term":[{"taxonomy":"product_brand","embeddable":true,"href":"https:\/\/imprimeideas.es\/en\/wp-json\/wp\/v2\/product_brand?post=48474"},{"taxonomy":"product_cat","embeddable":true,"href":"https:\/\/imprimeideas.es\/en\/wp-json\/wp\/v2\/product_cat?post=48474"},{"taxonomy":"product_tag","embeddable":true,"href":"https:\/\/imprimeideas.es\/en\/wp-json\/wp\/v2\/product_tag?post=48474"}],"curies":[{"name":"wp","href":"https:\/\/api.w.org\/{rel}","templated":true}]}}