{"id":48472,"date":"2026-02-24T11:45:21","date_gmt":"2026-02-24T10:45:21","guid":{"rendered":"https:\/\/imprimeideas.es\/?post_type=product&p=48472"},"modified":"2026-02-26T18:13:50","modified_gmt":"2026-02-26T17:13:50","slug":"kit-excursion-gemmel","status":"publish","type":"product","link":"https:\/\/imprimeideas.es\/en\/product\/kit-excursion-gemmel\/","title":{"rendered":"Kit Excursi\u00f3n Gemmel"},"content":{"rendered":"<p>Kit de excursi\u00f3n de 6 accesorios presentado en un estuche en resistente ABS con cierre a rosca resistente al agua, con pr\u00e1ctico cord\u00f3n lanyard. Incluye gel hidroalcoh\u00f3lico, protecci\u00f3n solar SPF30, vendas y 1 silbato.<\/p>","protected":false},"excerpt":{"rendered":"<p>6 Accesorios<\/p>","protected":false},"featured_media":49298,"comment_status":"open","ping_status":"open","template":"","meta":{"inline_featured_image":false},"product_brand":[],"product_cat":[107,113,108],"product_tag":[],"class_list":{"0":"post-48472","1":"product","2":"type-product","3":"status-publish","4":"has-post-thumbnail","6":"product_cat-cuidado-personal-y-pharma","7":"product_cat-eventos-y-fiesta","8":"product_cat-infantil","10":"first","11":"outofstock","12":"taxable","13":"shipping-taxable","14":"purchasable","15":"product-type-variable","16":"has-default-attributes"},"aioseo_notices":[],"_links":{"self":[{"href":"https:\/\/imprimeideas.es\/en\/wp-json\/wp\/v2\/product\/48472","targetHints":{"allow":["GET"]}}],"collection":[{"href":"https:\/\/imprimeideas.es\/en\/wp-json\/wp\/v2\/product"}],"about":[{"href":"https:\/\/imprimeideas.es\/en\/wp-json\/wp\/v2\/types\/product"}],"replies":[{"embeddable":true,"href":"https:\/\/imprimeideas.es\/en\/wp-json\/wp\/v2\/comments?post=48472"}],"version-history":[{"count":1,"href":"https:\/\/imprimeideas.es\/en\/wp-json\/wp\/v2\/product\/48472\/revisions"}],"predecessor-version":[{"id":56212,"href":"https:\/\/imprimeideas.es\/en\/wp-json\/wp\/v2\/product\/48472\/revisions\/56212"}],"wp:featuredmedia":[{"embeddable":true,"href":"https:\/\/imprimeideas.es\/en\/wp-json\/wp\/v2\/media\/49298"}],"wp:attachment":[{"href":"https:\/\/imprimeideas.es\/en\/wp-json\/wp\/v2\/media?parent=48472"}],"wp:term":[{"taxonomy":"product_brand","embeddable":true,"href":"https:\/\/imprimeideas.es\/en\/wp-json\/wp\/v2\/product_brand?post=48472"},{"taxonomy":"product_cat","embeddable":true,"href":"https:\/\/imprimeideas.es\/en\/wp-json\/wp\/v2\/product_cat?post=48472"},{"taxonomy":"product_tag","embeddable":true,"href":"https:\/\/imprimeideas.es\/en\/wp-json\/wp\/v2\/product_tag?post=48472"}],"curies":[{"name":"wp","href":"https:\/\/api.w.org\/{rel}","templated":true}]}}