{"id":48456,"date":"2026-02-24T11:45:19","date_gmt":"2026-02-24T10:45:19","guid":{"rendered":"https:\/\/imprimeideas.es\/?post_type=product&p=48456"},"modified":"2026-02-26T18:32:57","modified_gmt":"2026-02-26T17:32:57","slug":"bolsa-henar","status":"publish","type":"product","link":"https:\/\/imprimeideas.es\/en\/product\/bolsa-henar\/","title":{"rendered":"Bolsa Henar"},"content":{"rendered":"<p>Bolsa en algod\u00f3n reciclado de 210 g\/m2. Dise\u00f1o a rayas color blanco en combinaci\u00f3n con rayas doradas con efecto glitter y parte lisa en color natural. Asas largas en estilo cord\u00f3n, reforzadas con argollas met\u00e1licas. Incluye etiqueta exterior con distintivo algod\u00f3n reciclado.<\/p>","protected":false},"excerpt":{"rendered":"<p>Bolsa en algod\u00f3n reciclado de 210 g\/m2. Dise\u00f1o a rayas color blanco en combinaci\u00f3n con rayas doradas con efecto glitter<\/p>","protected":false},"featured_media":62469,"comment_status":"open","ping_status":"open","template":"","meta":{"inline_featured_image":false},"product_brand":[],"product_cat":[99,114],"product_tag":[],"class_list":{"0":"post-48456","1":"product","2":"type-product","3":"status-publish","4":"has-post-thumbnail","6":"product_cat-bolsas","7":"product_cat-verano-y-playa","9":"first","10":"instock","11":"taxable","12":"shipping-taxable","13":"purchasable","14":"product-type-variable","15":"has-default-attributes"},"aioseo_notices":[],"_links":{"self":[{"href":"https:\/\/imprimeideas.es\/en\/wp-json\/wp\/v2\/product\/48456","targetHints":{"allow":["GET"]}}],"collection":[{"href":"https:\/\/imprimeideas.es\/en\/wp-json\/wp\/v2\/product"}],"about":[{"href":"https:\/\/imprimeideas.es\/en\/wp-json\/wp\/v2\/types\/product"}],"replies":[{"embeddable":true,"href":"https:\/\/imprimeideas.es\/en\/wp-json\/wp\/v2\/comments?post=48456"}],"version-history":[{"count":1,"href":"https:\/\/imprimeideas.es\/en\/wp-json\/wp\/v2\/product\/48456\/revisions"}],"predecessor-version":[{"id":56206,"href":"https:\/\/imprimeideas.es\/en\/wp-json\/wp\/v2\/product\/48456\/revisions\/56206"}],"wp:featuredmedia":[{"embeddable":true,"href":"https:\/\/imprimeideas.es\/en\/wp-json\/wp\/v2\/media\/62469"}],"wp:attachment":[{"href":"https:\/\/imprimeideas.es\/en\/wp-json\/wp\/v2\/media?parent=48456"}],"wp:term":[{"taxonomy":"product_brand","embeddable":true,"href":"https:\/\/imprimeideas.es\/en\/wp-json\/wp\/v2\/product_brand?post=48456"},{"taxonomy":"product_cat","embeddable":true,"href":"https:\/\/imprimeideas.es\/en\/wp-json\/wp\/v2\/product_cat?post=48456"},{"taxonomy":"product_tag","embeddable":true,"href":"https:\/\/imprimeideas.es\/en\/wp-json\/wp\/v2\/product_tag?post=48456"}],"curies":[{"name":"wp","href":"https:\/\/api.w.org\/{rel}","templated":true}]}}