{"id":48451,"date":"2026-02-24T11:45:18","date_gmt":"2026-02-24T10:45:18","guid":{"rendered":"https:\/\/imprimeideas.es\/?post_type=product&p=48451"},"modified":"2026-02-26T18:32:55","modified_gmt":"2026-02-26T17:32:55","slug":"ventilador-antimoscas-zuriko","status":"publish","type":"product","link":"https:\/\/imprimeideas.es\/en\/product\/ventilador-antimoscas-zuriko\/","title":{"rendered":"Ventilador Antimoscas Zuriko"},"content":{"rendered":"<p>Ventilador Antimoscas dise\u00f1ado para mantener los insectos alejados de forma eficiente y sin ruido. Incorpora dos aspas equipadas con 9 l\u00edneas plateadas de efecto UV que generan un patr\u00f3n visual efectivo para repeler moscas y otros insectos.Su base c\u00f3nica garantiza estabilidad en cualquier superficie. Con bot\u00f3n de encendido\/apagado. Totalmente port\u00e1til. Ideal para emplear en interiores o al aire libre. Funciona con 2 pilas AA (no incluidas).<\/p>","protected":false},"excerpt":{"rendered":"<p>2 Pilas AA No Incluidas<\/p>","protected":false},"featured_media":78238,"comment_status":"open","ping_status":"open","template":"","meta":{"inline_featured_image":false},"product_brand":[],"product_cat":[104,114,105],"product_tag":[],"class_list":{"0":"post-48451","1":"product","2":"type-product","3":"status-publish","4":"has-post-thumbnail","6":"product_cat-hogar-y-decoracion","7":"product_cat-verano-y-playa","8":"product_cat-vino-accesorios-de-bebida-y-hosteleria","10":"first","11":"instock","12":"taxable","13":"shipping-taxable","14":"purchasable","15":"product-type-variable","16":"has-default-attributes"},"aioseo_notices":[],"_links":{"self":[{"href":"https:\/\/imprimeideas.es\/en\/wp-json\/wp\/v2\/product\/48451","targetHints":{"allow":["GET"]}}],"collection":[{"href":"https:\/\/imprimeideas.es\/en\/wp-json\/wp\/v2\/product"}],"about":[{"href":"https:\/\/imprimeideas.es\/en\/wp-json\/wp\/v2\/types\/product"}],"replies":[{"embeddable":true,"href":"https:\/\/imprimeideas.es\/en\/wp-json\/wp\/v2\/comments?post=48451"}],"version-history":[{"count":1,"href":"https:\/\/imprimeideas.es\/en\/wp-json\/wp\/v2\/product\/48451\/revisions"}],"predecessor-version":[{"id":56203,"href":"https:\/\/imprimeideas.es\/en\/wp-json\/wp\/v2\/product\/48451\/revisions\/56203"}],"wp:featuredmedia":[{"embeddable":true,"href":"https:\/\/imprimeideas.es\/en\/wp-json\/wp\/v2\/media\/78238"}],"wp:attachment":[{"href":"https:\/\/imprimeideas.es\/en\/wp-json\/wp\/v2\/media?parent=48451"}],"wp:term":[{"taxonomy":"product_brand","embeddable":true,"href":"https:\/\/imprimeideas.es\/en\/wp-json\/wp\/v2\/product_brand?post=48451"},{"taxonomy":"product_cat","embeddable":true,"href":"https:\/\/imprimeideas.es\/en\/wp-json\/wp\/v2\/product_cat?post=48451"},{"taxonomy":"product_tag","embeddable":true,"href":"https:\/\/imprimeideas.es\/en\/wp-json\/wp\/v2\/product_tag?post=48451"}],"curies":[{"name":"wp","href":"https:\/\/api.w.org\/{rel}","templated":true}]}}