{"id":48448,"date":"2026-02-24T11:45:18","date_gmt":"2026-02-24T10:45:18","guid":{"rendered":"https:\/\/imprimeideas.es\/?post_type=product&p=48448"},"modified":"2026-02-26T18:13:58","modified_gmt":"2026-02-26T17:13:58","slug":"ventilador-vaporizador-youri","status":"publish","type":"product","link":"https:\/\/imprimeideas.es\/en\/product\/ventilador-vaporizador-youri\/","title":{"rendered":"Ventilador Vaporizador Youri"},"content":{"rendered":"<p>Ventilador con Vaporizador integrado. Dispone de cuatro velocidades ajustables, controladas mediante un pr\u00e1ctico bot\u00f3n lateral de encendido y apagado. Incluye sistema de vaporizaci\u00f3n en forma de bruma, f\u00e1cilmente activable desde el lateral.Cuenta con un dep\u00f3sito de 20 ml integrado en el mango, ideal para rellenar con agua. Su versatil dise\u00f1o, permite orientar la cabeza del ventilador para dirigir el aire seg\u00fan tus necesidades, ya sea colocado sobre superficies planas o transport\u00e1ndolo c\u00f3modamente gracias al lanyard incluido.Con una bater\u00eda de 800 mAh, compatible con conexiones USB Tipo C -cable incluido-.<\/p>","protected":false},"excerpt":{"rendered":"<p>4 Posiciones. 20 ml. Bater\u00eda 800 mAh<\/p>","protected":false},"featured_media":85148,"comment_status":"open","ping_status":"open","template":"","meta":{"inline_featured_image":false},"product_brand":[],"product_cat":[114],"product_tag":[],"class_list":{"0":"post-48448","1":"product","2":"type-product","3":"status-publish","4":"has-post-thumbnail","6":"product_cat-verano-y-playa","8":"first","9":"outofstock","10":"taxable","11":"shipping-taxable","12":"purchasable","13":"product-type-variable","14":"has-default-attributes"},"aioseo_notices":[],"_links":{"self":[{"href":"https:\/\/imprimeideas.es\/en\/wp-json\/wp\/v2\/product\/48448","targetHints":{"allow":["GET"]}}],"collection":[{"href":"https:\/\/imprimeideas.es\/en\/wp-json\/wp\/v2\/product"}],"about":[{"href":"https:\/\/imprimeideas.es\/en\/wp-json\/wp\/v2\/types\/product"}],"replies":[{"embeddable":true,"href":"https:\/\/imprimeideas.es\/en\/wp-json\/wp\/v2\/comments?post=48448"}],"version-history":[{"count":1,"href":"https:\/\/imprimeideas.es\/en\/wp-json\/wp\/v2\/product\/48448\/revisions"}],"predecessor-version":[{"id":56202,"href":"https:\/\/imprimeideas.es\/en\/wp-json\/wp\/v2\/product\/48448\/revisions\/56202"}],"wp:featuredmedia":[{"embeddable":true,"href":"https:\/\/imprimeideas.es\/en\/wp-json\/wp\/v2\/media\/85148"}],"wp:attachment":[{"href":"https:\/\/imprimeideas.es\/en\/wp-json\/wp\/v2\/media?parent=48448"}],"wp:term":[{"taxonomy":"product_brand","embeddable":true,"href":"https:\/\/imprimeideas.es\/en\/wp-json\/wp\/v2\/product_brand?post=48448"},{"taxonomy":"product_cat","embeddable":true,"href":"https:\/\/imprimeideas.es\/en\/wp-json\/wp\/v2\/product_cat?post=48448"},{"taxonomy":"product_tag","embeddable":true,"href":"https:\/\/imprimeideas.es\/en\/wp-json\/wp\/v2\/product_tag?post=48448"}],"curies":[{"name":"wp","href":"https:\/\/api.w.org\/{rel}","templated":true}]}}