{"id":48432,"date":"2026-02-24T11:45:16","date_gmt":"2026-02-24T10:45:16","guid":{"rendered":"https:\/\/imprimeideas.es\/?post_type=product&p=48432"},"modified":"2026-02-26T18:19:23","modified_gmt":"2026-02-26T17:19:23","slug":"set-juegos-babic","status":"publish","type":"product","link":"https:\/\/imprimeideas.es\/en\/product\/set-juegos-babic\/","title":{"rendered":"Set Juegos Babic"},"content":{"rendered":"<p>Set de juegos con raquetas. Incluye:- 2 raquetas con mango ergon\u00f3mico y bordes acolchados, dise\u00f1adas para un agarre c\u00f3modo y seguro durante el juego.- 2 pelotas a juego, fabricadas en material EVA.- 1 pluma.Ideal para disfrutar al aire libre, ya sea en la playa, en el parque o en el jard\u00edn.<\/p>","protected":false},"excerpt":{"rendered":"<p>2 Juegos<\/p>","protected":false},"featured_media":76923,"comment_status":"open","ping_status":"open","template":"","meta":{"inline_featured_image":false},"product_brand":[],"product_cat":[101,114],"product_tag":[],"class_list":{"0":"post-48432","1":"product","2":"type-product","3":"status-publish","4":"has-post-thumbnail","6":"product_cat-deporte-y-aventura","7":"product_cat-verano-y-playa","9":"first","10":"instock","11":"taxable","12":"shipping-taxable","13":"purchasable","14":"product-type-variable","15":"has-default-attributes"},"aioseo_notices":[],"_links":{"self":[{"href":"https:\/\/imprimeideas.es\/en\/wp-json\/wp\/v2\/product\/48432","targetHints":{"allow":["GET"]}}],"collection":[{"href":"https:\/\/imprimeideas.es\/en\/wp-json\/wp\/v2\/product"}],"about":[{"href":"https:\/\/imprimeideas.es\/en\/wp-json\/wp\/v2\/types\/product"}],"replies":[{"embeddable":true,"href":"https:\/\/imprimeideas.es\/en\/wp-json\/wp\/v2\/comments?post=48432"}],"version-history":[{"count":1,"href":"https:\/\/imprimeideas.es\/en\/wp-json\/wp\/v2\/product\/48432\/revisions"}],"predecessor-version":[{"id":56199,"href":"https:\/\/imprimeideas.es\/en\/wp-json\/wp\/v2\/product\/48432\/revisions\/56199"}],"wp:featuredmedia":[{"embeddable":true,"href":"https:\/\/imprimeideas.es\/en\/wp-json\/wp\/v2\/media\/76923"}],"wp:attachment":[{"href":"https:\/\/imprimeideas.es\/en\/wp-json\/wp\/v2\/media?parent=48432"}],"wp:term":[{"taxonomy":"product_brand","embeddable":true,"href":"https:\/\/imprimeideas.es\/en\/wp-json\/wp\/v2\/product_brand?post=48432"},{"taxonomy":"product_cat","embeddable":true,"href":"https:\/\/imprimeideas.es\/en\/wp-json\/wp\/v2\/product_cat?post=48432"},{"taxonomy":"product_tag","embeddable":true,"href":"https:\/\/imprimeideas.es\/en\/wp-json\/wp\/v2\/product_tag?post=48432"}],"curies":[{"name":"wp","href":"https:\/\/api.w.org\/{rel}","templated":true}]}}