{"id":48384,"date":"2026-02-24T11:45:10","date_gmt":"2026-02-24T10:45:10","guid":{"rendered":"https:\/\/imprimeideas.es\/?post_type=product&p=48384"},"modified":"2026-02-26T18:19:32","modified_gmt":"2026-02-26T17:19:32","slug":"cinta-gafas-redrag","status":"publish","type":"product","link":"https:\/\/imprimeideas.es\/en\/product\/cinta-gafas-redrag\/","title":{"rendered":"Cinta Gafas Redrag"},"content":{"rendered":"<p>Cinta para gafas, fabricada en el\u00e1stico poli\u00e9ster. Incluye correa ajustable con hebilla met\u00e1lica y soportes de silicona, asegurando un ajuste perfecto para cualquier tipo de gafas.<\/p>","protected":false},"excerpt":{"rendered":"<p>Ajustable<\/p>","protected":false},"featured_media":82789,"comment_status":"open","ping_status":"open","template":"","meta":{"inline_featured_image":false},"product_brand":[],"product_cat":[114],"product_tag":[],"class_list":{"0":"post-48384","1":"product","2":"type-product","3":"status-publish","4":"has-post-thumbnail","6":"product_cat-verano-y-playa","8":"first","9":"instock","10":"taxable","11":"shipping-taxable","12":"purchasable","13":"product-type-variable","14":"has-default-attributes"},"aioseo_notices":[],"_links":{"self":[{"href":"https:\/\/imprimeideas.es\/en\/wp-json\/wp\/v2\/product\/48384","targetHints":{"allow":["GET"]}}],"collection":[{"href":"https:\/\/imprimeideas.es\/en\/wp-json\/wp\/v2\/product"}],"about":[{"href":"https:\/\/imprimeideas.es\/en\/wp-json\/wp\/v2\/types\/product"}],"replies":[{"embeddable":true,"href":"https:\/\/imprimeideas.es\/en\/wp-json\/wp\/v2\/comments?post=48384"}],"version-history":[{"count":1,"href":"https:\/\/imprimeideas.es\/en\/wp-json\/wp\/v2\/product\/48384\/revisions"}],"predecessor-version":[{"id":56196,"href":"https:\/\/imprimeideas.es\/en\/wp-json\/wp\/v2\/product\/48384\/revisions\/56196"}],"wp:featuredmedia":[{"embeddable":true,"href":"https:\/\/imprimeideas.es\/en\/wp-json\/wp\/v2\/media\/82789"}],"wp:attachment":[{"href":"https:\/\/imprimeideas.es\/en\/wp-json\/wp\/v2\/media?parent=48384"}],"wp:term":[{"taxonomy":"product_brand","embeddable":true,"href":"https:\/\/imprimeideas.es\/en\/wp-json\/wp\/v2\/product_brand?post=48384"},{"taxonomy":"product_cat","embeddable":true,"href":"https:\/\/imprimeideas.es\/en\/wp-json\/wp\/v2\/product_cat?post=48384"},{"taxonomy":"product_tag","embeddable":true,"href":"https:\/\/imprimeideas.es\/en\/wp-json\/wp\/v2\/product_tag?post=48384"}],"curies":[{"name":"wp","href":"https:\/\/api.w.org\/{rel}","templated":true}]}}