{"id":48365,"date":"2026-02-24T11:45:08","date_gmt":"2026-02-24T10:45:08","guid":{"rendered":"https:\/\/imprimeideas.es\/?post_type=product&p=48365"},"modified":"2026-02-26T18:42:28","modified_gmt":"2026-02-26T17:42:28","slug":"funda-abanico-fleken","status":"publish","type":"product","link":"https:\/\/imprimeideas.es\/en\/product\/funda-abanico-fleken\/","title":{"rendered":"Funda Abanico Fleken"},"content":{"rendered":"<p>Funda fabricada en Algod\u00f3n Reciclado de 150g\/m2. Dise\u00f1ada con cierre de cuerdas para un uso pr\u00e1ctico y seguro. Su tama\u00f1o y formato la hacen ideal para presentar regalos como abanicos.Disponible certificaci\u00f3n GRS (Global Recycled Standard \/ Est\u00e1ndar de Reciclaje Global), que garantiza el origen reciclado del material usado para fabricar el producto.<\/p>","protected":false},"excerpt":{"rendered":"<p>Funda fabricada en Algod\u00f3n Reciclado de 150g\/m2. Dise\u00f1ada con cierre de cuerdas para un uso pr\u00e1ctico y seguro. Su tama\u00f1o<\/p>","protected":false},"featured_media":77002,"comment_status":"open","ping_status":"open","template":"","meta":{"inline_featured_image":false},"product_brand":[],"product_cat":[114],"product_tag":[],"class_list":{"0":"post-48365","1":"product","2":"type-product","3":"status-publish","4":"has-post-thumbnail","6":"product_cat-verano-y-playa","8":"first","9":"instock","10":"taxable","11":"shipping-taxable","12":"purchasable","13":"product-type-variable","14":"has-default-attributes"},"aioseo_notices":[],"_links":{"self":[{"href":"https:\/\/imprimeideas.es\/en\/wp-json\/wp\/v2\/product\/48365","targetHints":{"allow":["GET"]}}],"collection":[{"href":"https:\/\/imprimeideas.es\/en\/wp-json\/wp\/v2\/product"}],"about":[{"href":"https:\/\/imprimeideas.es\/en\/wp-json\/wp\/v2\/types\/product"}],"replies":[{"embeddable":true,"href":"https:\/\/imprimeideas.es\/en\/wp-json\/wp\/v2\/comments?post=48365"}],"version-history":[{"count":1,"href":"https:\/\/imprimeideas.es\/en\/wp-json\/wp\/v2\/product\/48365\/revisions"}],"predecessor-version":[{"id":56191,"href":"https:\/\/imprimeideas.es\/en\/wp-json\/wp\/v2\/product\/48365\/revisions\/56191"}],"wp:featuredmedia":[{"embeddable":true,"href":"https:\/\/imprimeideas.es\/en\/wp-json\/wp\/v2\/media\/77002"}],"wp:attachment":[{"href":"https:\/\/imprimeideas.es\/en\/wp-json\/wp\/v2\/media?parent=48365"}],"wp:term":[{"taxonomy":"product_brand","embeddable":true,"href":"https:\/\/imprimeideas.es\/en\/wp-json\/wp\/v2\/product_brand?post=48365"},{"taxonomy":"product_cat","embeddable":true,"href":"https:\/\/imprimeideas.es\/en\/wp-json\/wp\/v2\/product_cat?post=48365"},{"taxonomy":"product_tag","embeddable":true,"href":"https:\/\/imprimeideas.es\/en\/wp-json\/wp\/v2\/product_tag?post=48365"}],"curies":[{"name":"wp","href":"https:\/\/api.w.org\/{rel}","templated":true}]}}