{"id":48341,"date":"2026-02-24T11:45:05","date_gmt":"2026-02-24T10:45:05","guid":{"rendered":"https:\/\/imprimeideas.es\/?post_type=product&p=48341"},"modified":"2026-02-26T18:13:40","modified_gmt":"2026-02-26T17:13:40","slug":"parasol-gomber","status":"publish","type":"product","link":"https:\/\/imprimeideas.es\/en\/product\/parasol-gomber\/","title":{"rendered":"Parasol Gomber"},"content":{"rendered":"<p>Parasol plegable de dise\u00f1o pr\u00e1ctico y ligero, fabricado en poli\u00e9ster, ideal para coches y furgonetas con medidas de 70 x 70 cm. Su cara exterior presenta color s\u00f3lido, mientras que el interior es de plata brillante, proporcionando protecci\u00f3n eficaz contra el sol y el calor. Incluye el\u00e1stico de cierre para facilitar su almacenamiento. Incluye funda individual a juego.<\/p>","protected":false},"excerpt":{"rendered":"<p>Plegable. Funda Poli\u00e9ster<\/p>","protected":false},"featured_media":78803,"comment_status":"open","ping_status":"open","template":"","meta":{"inline_featured_image":false},"product_brand":[],"product_cat":[110,114],"product_tag":[],"class_list":{"0":"post-48341","1":"product","2":"type-product","3":"status-publish","4":"has-post-thumbnail","6":"product_cat-herramientas-brico-y-automovil","7":"product_cat-verano-y-playa","9":"first","10":"instock","11":"taxable","12":"shipping-taxable","13":"purchasable","14":"product-type-variable","15":"has-default-attributes"},"aioseo_notices":[],"_links":{"self":[{"href":"https:\/\/imprimeideas.es\/en\/wp-json\/wp\/v2\/product\/48341","targetHints":{"allow":["GET"]}}],"collection":[{"href":"https:\/\/imprimeideas.es\/en\/wp-json\/wp\/v2\/product"}],"about":[{"href":"https:\/\/imprimeideas.es\/en\/wp-json\/wp\/v2\/types\/product"}],"replies":[{"embeddable":true,"href":"https:\/\/imprimeideas.es\/en\/wp-json\/wp\/v2\/comments?post=48341"}],"version-history":[{"count":1,"href":"https:\/\/imprimeideas.es\/en\/wp-json\/wp\/v2\/product\/48341\/revisions"}],"predecessor-version":[{"id":56187,"href":"https:\/\/imprimeideas.es\/en\/wp-json\/wp\/v2\/product\/48341\/revisions\/56187"}],"wp:featuredmedia":[{"embeddable":true,"href":"https:\/\/imprimeideas.es\/en\/wp-json\/wp\/v2\/media\/78803"}],"wp:attachment":[{"href":"https:\/\/imprimeideas.es\/en\/wp-json\/wp\/v2\/media?parent=48341"}],"wp:term":[{"taxonomy":"product_brand","embeddable":true,"href":"https:\/\/imprimeideas.es\/en\/wp-json\/wp\/v2\/product_brand?post=48341"},{"taxonomy":"product_cat","embeddable":true,"href":"https:\/\/imprimeideas.es\/en\/wp-json\/wp\/v2\/product_cat?post=48341"},{"taxonomy":"product_tag","embeddable":true,"href":"https:\/\/imprimeideas.es\/en\/wp-json\/wp\/v2\/product_tag?post=48341"}],"curies":[{"name":"wp","href":"https:\/\/api.w.org\/{rel}","templated":true}]}}