{"id":48334,"date":"2026-02-24T11:45:04","date_gmt":"2026-02-24T10:45:04","guid":{"rendered":"https:\/\/imprimeideas.es\/?post_type=product&p=48334"},"modified":"2026-02-26T18:19:43","modified_gmt":"2026-02-26T17:19:43","slug":"peluche-glik","status":"publish","type":"product","link":"https:\/\/imprimeideas.es\/en\/product\/peluche-glik\/","title":{"rendered":"Peluche Glik"},"content":{"rendered":"<p>Suave oso de peluche fabricado en RPET con sudadera personalizable, ideal para sublimaci\u00f3n.El material RPET se elabora a partir de pl\u00e1stico reciclado, para as\u00ed fomentar la reutilizaci\u00f3n de residuos pl\u00e1sticos y ayudar a la sostenibilidad del planeta.<\/p>","protected":false},"excerpt":{"rendered":"<p>Suave oso de peluche fabricado en RPET con sudadera personalizable, ideal para sublimaci\u00f3n.El material RPET se elabora a partir de<\/p>","protected":false},"featured_media":85391,"comment_status":"open","ping_status":"open","template":"","meta":{"inline_featured_image":false},"product_brand":[],"product_cat":[108,115],"product_tag":[],"class_list":{"0":"post-48334","1":"product","2":"type-product","3":"status-publish","4":"has-post-thumbnail","6":"product_cat-infantil","7":"product_cat-sublimacion","9":"first","10":"instock","11":"taxable","12":"shipping-taxable","13":"purchasable","14":"product-type-variable","15":"has-default-attributes"},"aioseo_notices":[],"_links":{"self":[{"href":"https:\/\/imprimeideas.es\/en\/wp-json\/wp\/v2\/product\/48334","targetHints":{"allow":["GET"]}}],"collection":[{"href":"https:\/\/imprimeideas.es\/en\/wp-json\/wp\/v2\/product"}],"about":[{"href":"https:\/\/imprimeideas.es\/en\/wp-json\/wp\/v2\/types\/product"}],"replies":[{"embeddable":true,"href":"https:\/\/imprimeideas.es\/en\/wp-json\/wp\/v2\/comments?post=48334"}],"version-history":[{"count":1,"href":"https:\/\/imprimeideas.es\/en\/wp-json\/wp\/v2\/product\/48334\/revisions"}],"predecessor-version":[{"id":56185,"href":"https:\/\/imprimeideas.es\/en\/wp-json\/wp\/v2\/product\/48334\/revisions\/56185"}],"wp:featuredmedia":[{"embeddable":true,"href":"https:\/\/imprimeideas.es\/en\/wp-json\/wp\/v2\/media\/85391"}],"wp:attachment":[{"href":"https:\/\/imprimeideas.es\/en\/wp-json\/wp\/v2\/media?parent=48334"}],"wp:term":[{"taxonomy":"product_brand","embeddable":true,"href":"https:\/\/imprimeideas.es\/en\/wp-json\/wp\/v2\/product_brand?post=48334"},{"taxonomy":"product_cat","embeddable":true,"href":"https:\/\/imprimeideas.es\/en\/wp-json\/wp\/v2\/product_cat?post=48334"},{"taxonomy":"product_tag","embeddable":true,"href":"https:\/\/imprimeideas.es\/en\/wp-json\/wp\/v2\/product_tag?post=48334"}],"curies":[{"name":"wp","href":"https:\/\/api.w.org\/{rel}","templated":true}]}}