{"id":48278,"date":"2026-02-24T11:44:09","date_gmt":"2026-02-24T10:44:09","guid":{"rendered":"https:\/\/imprimeideas.es\/?post_type=product&p=48278"},"modified":"2026-02-26T18:13:50","modified_gmt":"2026-02-26T17:13:50","slug":"almohadilla-mascara-viaje-stanek","status":"publish","type":"product","link":"https:\/\/imprimeideas.es\/en\/product\/almohadilla-mascara-viaje-stanek\/","title":{"rendered":"Almohadilla M\u00e1scara Viaje Stanek"},"content":{"rendered":"<p>Almohadilla Infantil con Antifaz ideal para viajes fabricada en suave material RPET.Incluye antifaz interior adaptable mediante dos gomas el\u00e1sticas para mayor comodidad y descanso durante el viaje. Cuenta con un esponjoso reposacabezas plegable con cierre de cremallera, lo que facilita su almacenamiento. Adem\u00e1s, dispone de pr\u00e1ctico bolsillo exterior y mosquet\u00f3n de pl\u00e1stico en color negro, que permite transportarlo de manera c\u00f3moda.Este accesorio combina funcionalidad, dise\u00f1o compacto y un toque divertido, siendo perfecto para acompa\u00f1ar a los ni\u00f1os en sus viajes.El material RPET se elabora a partir de pl\u00e1stico reciclado, para as\u00ed fomentar la reutilizaci\u00f3n de residuos pl\u00e1sticos y ayudar a la sostenibilidad del planeta.<\/p>","protected":false},"excerpt":{"rendered":"<p>Almohadilla Infantil con Antifaz ideal para viajes fabricada en suave material RPET.Incluye antifaz interior adaptable mediante dos gomas el\u00e1sticas para<\/p>","protected":false},"featured_media":62811,"comment_status":"open","ping_status":"open","template":"","meta":{"inline_featured_image":false},"product_brand":[],"product_cat":[108,103],"product_tag":[],"class_list":{"0":"post-48278","1":"product","2":"type-product","3":"status-publish","4":"has-post-thumbnail","6":"product_cat-infantil","7":"product_cat-viaje","9":"first","10":"instock","11":"taxable","12":"shipping-taxable","13":"purchasable","14":"product-type-variable","15":"has-default-attributes"},"aioseo_notices":[],"_links":{"self":[{"href":"https:\/\/imprimeideas.es\/en\/wp-json\/wp\/v2\/product\/48278","targetHints":{"allow":["GET"]}}],"collection":[{"href":"https:\/\/imprimeideas.es\/en\/wp-json\/wp\/v2\/product"}],"about":[{"href":"https:\/\/imprimeideas.es\/en\/wp-json\/wp\/v2\/types\/product"}],"replies":[{"embeddable":true,"href":"https:\/\/imprimeideas.es\/en\/wp-json\/wp\/v2\/comments?post=48278"}],"version-history":[{"count":1,"href":"https:\/\/imprimeideas.es\/en\/wp-json\/wp\/v2\/product\/48278\/revisions"}],"predecessor-version":[{"id":56180,"href":"https:\/\/imprimeideas.es\/en\/wp-json\/wp\/v2\/product\/48278\/revisions\/56180"}],"wp:featuredmedia":[{"embeddable":true,"href":"https:\/\/imprimeideas.es\/en\/wp-json\/wp\/v2\/media\/62811"}],"wp:attachment":[{"href":"https:\/\/imprimeideas.es\/en\/wp-json\/wp\/v2\/media?parent=48278"}],"wp:term":[{"taxonomy":"product_brand","embeddable":true,"href":"https:\/\/imprimeideas.es\/en\/wp-json\/wp\/v2\/product_brand?post=48278"},{"taxonomy":"product_cat","embeddable":true,"href":"https:\/\/imprimeideas.es\/en\/wp-json\/wp\/v2\/product_cat?post=48278"},{"taxonomy":"product_tag","embeddable":true,"href":"https:\/\/imprimeideas.es\/en\/wp-json\/wp\/v2\/product_tag?post=48278"}],"curies":[{"name":"wp","href":"https:\/\/api.w.org\/{rel}","templated":true}]}}