{"id":48272,"date":"2026-02-24T11:44:08","date_gmt":"2026-02-24T10:44:08","guid":{"rendered":"https:\/\/imprimeideas.es\/?post_type=product&p=48272"},"modified":"2026-02-26T18:28:09","modified_gmt":"2026-02-26T17:28:09","slug":"delantal-jeizon","status":"publish","type":"product","link":"https:\/\/imprimeideas.es\/en\/product\/delantal-jeizon\/","title":{"rendered":"Delantal Jeizon"},"content":{"rendered":"<p>Delantal infantil de alta calidad fabricado en combinaci\u00f3n de algod\u00f3n y poli\u00e9ster. Con pr\u00e1ctico bolsillo doble frontal y cintas de cuello con ajustador cromado. De corte por debajo de la rodilla que proporciona una excelente cobertura.<\/p>","protected":false},"excerpt":{"rendered":"<p>Talla \u00danica. Ni\u00f1o<\/p>","protected":false},"featured_media":85771,"comment_status":"open","ping_status":"open","template":"","meta":{"inline_featured_image":false},"product_brand":[],"product_cat":[104,108],"product_tag":[],"class_list":{"0":"post-48272","1":"product","2":"type-product","3":"status-publish","4":"has-post-thumbnail","6":"product_cat-hogar-y-decoracion","7":"product_cat-infantil","9":"first","10":"instock","11":"taxable","12":"shipping-taxable","13":"purchasable","14":"product-type-variable","15":"has-default-attributes"},"aioseo_notices":[],"_links":{"self":[{"href":"https:\/\/imprimeideas.es\/en\/wp-json\/wp\/v2\/product\/48272","targetHints":{"allow":["GET"]}}],"collection":[{"href":"https:\/\/imprimeideas.es\/en\/wp-json\/wp\/v2\/product"}],"about":[{"href":"https:\/\/imprimeideas.es\/en\/wp-json\/wp\/v2\/types\/product"}],"replies":[{"embeddable":true,"href":"https:\/\/imprimeideas.es\/en\/wp-json\/wp\/v2\/comments?post=48272"}],"version-history":[{"count":1,"href":"https:\/\/imprimeideas.es\/en\/wp-json\/wp\/v2\/product\/48272\/revisions"}],"predecessor-version":[{"id":56179,"href":"https:\/\/imprimeideas.es\/en\/wp-json\/wp\/v2\/product\/48272\/revisions\/56179"}],"wp:featuredmedia":[{"embeddable":true,"href":"https:\/\/imprimeideas.es\/en\/wp-json\/wp\/v2\/media\/85771"}],"wp:attachment":[{"href":"https:\/\/imprimeideas.es\/en\/wp-json\/wp\/v2\/media?parent=48272"}],"wp:term":[{"taxonomy":"product_brand","embeddable":true,"href":"https:\/\/imprimeideas.es\/en\/wp-json\/wp\/v2\/product_brand?post=48272"},{"taxonomy":"product_cat","embeddable":true,"href":"https:\/\/imprimeideas.es\/en\/wp-json\/wp\/v2\/product_cat?post=48272"},{"taxonomy":"product_tag","embeddable":true,"href":"https:\/\/imprimeideas.es\/en\/wp-json\/wp\/v2\/product_tag?post=48272"}],"curies":[{"name":"wp","href":"https:\/\/api.w.org\/{rel}","templated":true}]}}