{"id":48269,"date":"2026-02-24T11:44:08","date_gmt":"2026-02-24T10:44:08","guid":{"rendered":"https:\/\/imprimeideas.es\/?post_type=product&p=48269"},"modified":"2026-02-26T18:08:25","modified_gmt":"2026-02-26T17:08:25","slug":"medidor-pesek","status":"publish","type":"product","link":"https:\/\/imprimeideas.es\/en\/product\/medidor-pesek\/","title":{"rendered":"Medidor Pesek"},"content":{"rendered":"<p>Cinta m\u00e9trica retr\u00e1ctil de 200 cm. Equipada con banda flexible y autoajustable, ideal para adaptarse a distintas superficies y formas. Incluye un bot\u00f3n retr\u00e1ctil que facilita el manejo y almacenamiento. Escalas en mil\u00edmetros y cent\u00edmetros.<\/p>","protected":false},"excerpt":{"rendered":"<p>Cinta m\u00e9trica retr\u00e1ctil de 200 cm. Equipada con banda flexible y autoajustable, ideal para adaptarse a distintas superficies y formas.<\/p>","protected":false},"featured_media":75760,"comment_status":"open","ping_status":"open","template":"","meta":{"inline_featured_image":false},"product_brand":[],"product_cat":[108],"product_tag":[],"class_list":{"0":"post-48269","1":"product","2":"type-product","3":"status-publish","4":"has-post-thumbnail","6":"product_cat-infantil","8":"first","9":"instock","10":"taxable","11":"shipping-taxable","12":"purchasable","13":"product-type-variable","14":"has-default-attributes"},"aioseo_notices":[],"_links":{"self":[{"href":"https:\/\/imprimeideas.es\/en\/wp-json\/wp\/v2\/product\/48269","targetHints":{"allow":["GET"]}}],"collection":[{"href":"https:\/\/imprimeideas.es\/en\/wp-json\/wp\/v2\/product"}],"about":[{"href":"https:\/\/imprimeideas.es\/en\/wp-json\/wp\/v2\/types\/product"}],"replies":[{"embeddable":true,"href":"https:\/\/imprimeideas.es\/en\/wp-json\/wp\/v2\/comments?post=48269"}],"version-history":[{"count":1,"href":"https:\/\/imprimeideas.es\/en\/wp-json\/wp\/v2\/product\/48269\/revisions"}],"predecessor-version":[{"id":56178,"href":"https:\/\/imprimeideas.es\/en\/wp-json\/wp\/v2\/product\/48269\/revisions\/56178"}],"wp:featuredmedia":[{"embeddable":true,"href":"https:\/\/imprimeideas.es\/en\/wp-json\/wp\/v2\/media\/75760"}],"wp:attachment":[{"href":"https:\/\/imprimeideas.es\/en\/wp-json\/wp\/v2\/media?parent=48269"}],"wp:term":[{"taxonomy":"product_brand","embeddable":true,"href":"https:\/\/imprimeideas.es\/en\/wp-json\/wp\/v2\/product_brand?post=48269"},{"taxonomy":"product_cat","embeddable":true,"href":"https:\/\/imprimeideas.es\/en\/wp-json\/wp\/v2\/product_cat?post=48269"},{"taxonomy":"product_tag","embeddable":true,"href":"https:\/\/imprimeideas.es\/en\/wp-json\/wp\/v2\/product_tag?post=48269"}],"curies":[{"name":"wp","href":"https:\/\/api.w.org\/{rel}","templated":true}]}}