{"id":48250,"date":"2026-02-24T11:44:05","date_gmt":"2026-02-24T10:44:05","guid":{"rendered":"https:\/\/imprimeideas.es\/?post_type=product&p=48250"},"modified":"2026-02-26T18:42:25","modified_gmt":"2026-02-26T17:42:25","slug":"libreta-madguire","status":"publish","type":"product","link":"https:\/\/imprimeideas.es\/en\/product\/libreta-madguire\/","title":{"rendered":"Libreta Madguire"},"content":{"rendered":"<p>Libreta tipo anillas tama\u00f1o A6, con hojas negras mate a una cara ideales para raspar y descubrir colores vibrantes.Incluye 8 hojas, rascador fabricado con una forma compacta y ergon\u00f3mica para un agarre c\u00f3modo que permite dibujar en la superficie negra revelando una gama multicolor vibrante debajo. El Cart\u00f3n Reciclado proviene del reaprovechamiento de excedente de fabricaciones y reciclaje de papel en el final de su vida \u00fatil, convirti\u00e9ndose en un lienzo ecol\u00f3gico y sostenible.<\/p>","protected":false},"excerpt":{"rendered":"<p>8 Hojas. Rascador Bamb\u00fa Incluido<\/p>","protected":false},"featured_media":72420,"comment_status":"open","ping_status":"open","template":"","meta":{"inline_featured_image":false},"product_brand":[],"product_cat":[108,96],"product_tag":[],"class_list":{"0":"post-48250","1":"product","2":"type-product","3":"status-publish","4":"has-post-thumbnail","6":"product_cat-infantil","7":"product_cat-oficina-y-negocios","9":"first","10":"instock","11":"taxable","12":"shipping-taxable","13":"purchasable","14":"product-type-variable","15":"has-default-attributes"},"aioseo_notices":[],"_links":{"self":[{"href":"https:\/\/imprimeideas.es\/en\/wp-json\/wp\/v2\/product\/48250","targetHints":{"allow":["GET"]}}],"collection":[{"href":"https:\/\/imprimeideas.es\/en\/wp-json\/wp\/v2\/product"}],"about":[{"href":"https:\/\/imprimeideas.es\/en\/wp-json\/wp\/v2\/types\/product"}],"replies":[{"embeddable":true,"href":"https:\/\/imprimeideas.es\/en\/wp-json\/wp\/v2\/comments?post=48250"}],"version-history":[{"count":1,"href":"https:\/\/imprimeideas.es\/en\/wp-json\/wp\/v2\/product\/48250\/revisions"}],"predecessor-version":[{"id":56173,"href":"https:\/\/imprimeideas.es\/en\/wp-json\/wp\/v2\/product\/48250\/revisions\/56173"}],"wp:featuredmedia":[{"embeddable":true,"href":"https:\/\/imprimeideas.es\/en\/wp-json\/wp\/v2\/media\/72420"}],"wp:attachment":[{"href":"https:\/\/imprimeideas.es\/en\/wp-json\/wp\/v2\/media?parent=48250"}],"wp:term":[{"taxonomy":"product_brand","embeddable":true,"href":"https:\/\/imprimeideas.es\/en\/wp-json\/wp\/v2\/product_brand?post=48250"},{"taxonomy":"product_cat","embeddable":true,"href":"https:\/\/imprimeideas.es\/en\/wp-json\/wp\/v2\/product_cat?post=48250"},{"taxonomy":"product_tag","embeddable":true,"href":"https:\/\/imprimeideas.es\/en\/wp-json\/wp\/v2\/product_tag?post=48250"}],"curies":[{"name":"wp","href":"https:\/\/api.w.org\/{rel}","templated":true}]}}