{"id":48231,"date":"2026-02-24T11:44:03","date_gmt":"2026-02-24T10:44:03","guid":{"rendered":"https:\/\/imprimeideas.es\/?post_type=product&p=48231"},"modified":"2026-02-26T18:03:07","modified_gmt":"2026-02-26T17:03:07","slug":"cometa-strelec","status":"publish","type":"product","link":"https:\/\/imprimeideas.es\/en\/product\/cometa-strelec\/","title":{"rendered":"Cometa Strelec"},"content":{"rendered":"<p>Cometa con dise\u00f1o Delta fabricada en resistente poli\u00e9ster RPET Ripstop 210T. Con estructura de fibra de vidrio  que aporta estabilidad y facilidad de montaje. Incluye 2 asas de pl\u00e1stico con hilo para un manejo vers\u00e1til y un control preciso durante el vuelo. Incluye pr\u00e1ctica funda RPET de transporte con asa, perfecta para llevarla c\u00f3modamente a cualquier lugar. El material RPET se elabora a partir de pl\u00e1stico reciclado, para as\u00ed fomentar la reutilizaci\u00f3n de residuos pl\u00e1sticos y ayudar a la sostenibilidad del planeta.<\/p>","protected":false},"excerpt":{"rendered":"<p>Funda Ripstop RPET<\/p>","protected":false},"featured_media":48333,"comment_status":"open","ping_status":"open","template":"","meta":{"inline_featured_image":false},"product_brand":[],"product_cat":[108],"product_tag":[],"class_list":{"0":"post-48231","1":"product","2":"type-product","3":"status-publish","4":"has-post-thumbnail","6":"product_cat-infantil","8":"first","9":"instock","10":"taxable","11":"shipping-taxable","12":"purchasable","13":"product-type-variable","14":"has-default-attributes"},"aioseo_notices":[],"_links":{"self":[{"href":"https:\/\/imprimeideas.es\/en\/wp-json\/wp\/v2\/product\/48231","targetHints":{"allow":["GET"]}}],"collection":[{"href":"https:\/\/imprimeideas.es\/en\/wp-json\/wp\/v2\/product"}],"about":[{"href":"https:\/\/imprimeideas.es\/en\/wp-json\/wp\/v2\/types\/product"}],"replies":[{"embeddable":true,"href":"https:\/\/imprimeideas.es\/en\/wp-json\/wp\/v2\/comments?post=48231"}],"version-history":[{"count":1,"href":"https:\/\/imprimeideas.es\/en\/wp-json\/wp\/v2\/product\/48231\/revisions"}],"predecessor-version":[{"id":56169,"href":"https:\/\/imprimeideas.es\/en\/wp-json\/wp\/v2\/product\/48231\/revisions\/56169"}],"wp:featuredmedia":[{"embeddable":true,"href":"https:\/\/imprimeideas.es\/en\/wp-json\/wp\/v2\/media\/48333"}],"wp:attachment":[{"href":"https:\/\/imprimeideas.es\/en\/wp-json\/wp\/v2\/media?parent=48231"}],"wp:term":[{"taxonomy":"product_brand","embeddable":true,"href":"https:\/\/imprimeideas.es\/en\/wp-json\/wp\/v2\/product_brand?post=48231"},{"taxonomy":"product_cat","embeddable":true,"href":"https:\/\/imprimeideas.es\/en\/wp-json\/wp\/v2\/product_cat?post=48231"},{"taxonomy":"product_tag","embeddable":true,"href":"https:\/\/imprimeideas.es\/en\/wp-json\/wp\/v2\/product_tag?post=48231"}],"curies":[{"name":"wp","href":"https:\/\/api.w.org\/{rel}","templated":true}]}}