{"id":48229,"date":"2026-02-24T11:44:03","date_gmt":"2026-02-24T10:44:03","guid":{"rendered":"https:\/\/imprimeideas.es\/?post_type=product&p=48229"},"modified":"2026-02-26T18:19:23","modified_gmt":"2026-02-26T17:19:23","slug":"portafotos-kunku","status":"publish","type":"product","link":"https:\/\/imprimeideas.es\/en\/product\/portafotos-kunku\/","title":{"rendered":"Portafotos Kunku"},"content":{"rendered":"<p>Marco de fotos fabricado en madera natural con dise\u00f1o de animales. Incluye ceras de colores para personalizar y decorar el marco. Dise\u00f1ado para fotograf\u00edas de 7,5&#215;7,5 cm. Cuenta con pr\u00e1ctico soporte trasero de bisagra.<\/p>","protected":false},"excerpt":{"rendered":"<p>Fotos: 7,5 x 7,5 cm. 5 Ceras Incluidas<\/p>","protected":false},"featured_media":48306,"comment_status":"open","ping_status":"open","template":"","meta":{"inline_featured_image":false},"product_brand":[],"product_cat":[108],"product_tag":[],"class_list":{"0":"post-48229","1":"product","2":"type-product","3":"status-publish","4":"has-post-thumbnail","6":"product_cat-infantil","8":"first","9":"instock","10":"taxable","11":"shipping-taxable","12":"purchasable","13":"product-type-variable","14":"has-default-attributes"},"aioseo_notices":[],"_links":{"self":[{"href":"https:\/\/imprimeideas.es\/en\/wp-json\/wp\/v2\/product\/48229","targetHints":{"allow":["GET"]}}],"collection":[{"href":"https:\/\/imprimeideas.es\/en\/wp-json\/wp\/v2\/product"}],"about":[{"href":"https:\/\/imprimeideas.es\/en\/wp-json\/wp\/v2\/types\/product"}],"replies":[{"embeddable":true,"href":"https:\/\/imprimeideas.es\/en\/wp-json\/wp\/v2\/comments?post=48229"}],"version-history":[{"count":1,"href":"https:\/\/imprimeideas.es\/en\/wp-json\/wp\/v2\/product\/48229\/revisions"}],"predecessor-version":[{"id":56168,"href":"https:\/\/imprimeideas.es\/en\/wp-json\/wp\/v2\/product\/48229\/revisions\/56168"}],"wp:featuredmedia":[{"embeddable":true,"href":"https:\/\/imprimeideas.es\/en\/wp-json\/wp\/v2\/media\/48306"}],"wp:attachment":[{"href":"https:\/\/imprimeideas.es\/en\/wp-json\/wp\/v2\/media?parent=48229"}],"wp:term":[{"taxonomy":"product_brand","embeddable":true,"href":"https:\/\/imprimeideas.es\/en\/wp-json\/wp\/v2\/product_brand?post=48229"},{"taxonomy":"product_cat","embeddable":true,"href":"https:\/\/imprimeideas.es\/en\/wp-json\/wp\/v2\/product_cat?post=48229"},{"taxonomy":"product_tag","embeddable":true,"href":"https:\/\/imprimeideas.es\/en\/wp-json\/wp\/v2\/product_tag?post=48229"}],"curies":[{"name":"wp","href":"https:\/\/api.w.org\/{rel}","templated":true}]}}