{"id":48226,"date":"2026-02-24T11:44:02","date_gmt":"2026-02-24T10:44:02","guid":{"rendered":"https:\/\/imprimeideas.es\/?post_type=product&p=48226"},"modified":"2026-02-26T18:33:00","modified_gmt":"2026-02-26T17:33:00","slug":"hucha-yilmax","status":"publish","type":"product","link":"https:\/\/imprimeideas.es\/en\/product\/hucha-yilmax\/","title":{"rendered":"Hucha Yilmax"},"content":{"rendered":"<p>Hucha fabricada en madera natural con dise\u00f1o de animales. Incluye ceras de colores que permite personalizar el dise\u00f1o de cada hucha.  Incorpora pr\u00e1ctico agujero inferior para acceder f\u00e1cilmente a los ahorros sin necesidad de romperla.<\/p>","protected":false},"excerpt":{"rendered":"<p>5 Ceras Incluidas<\/p>","protected":false},"featured_media":69823,"comment_status":"open","ping_status":"open","template":"","meta":{"inline_featured_image":false},"product_brand":[],"product_cat":[108],"product_tag":[],"class_list":{"0":"post-48226","1":"product","2":"type-product","3":"status-publish","4":"has-post-thumbnail","6":"product_cat-infantil","8":"first","9":"instock","10":"taxable","11":"shipping-taxable","12":"purchasable","13":"product-type-variable","14":"has-default-attributes"},"aioseo_notices":[],"_links":{"self":[{"href":"https:\/\/imprimeideas.es\/en\/wp-json\/wp\/v2\/product\/48226","targetHints":{"allow":["GET"]}}],"collection":[{"href":"https:\/\/imprimeideas.es\/en\/wp-json\/wp\/v2\/product"}],"about":[{"href":"https:\/\/imprimeideas.es\/en\/wp-json\/wp\/v2\/types\/product"}],"replies":[{"embeddable":true,"href":"https:\/\/imprimeideas.es\/en\/wp-json\/wp\/v2\/comments?post=48226"}],"version-history":[{"count":1,"href":"https:\/\/imprimeideas.es\/en\/wp-json\/wp\/v2\/product\/48226\/revisions"}],"predecessor-version":[{"id":56167,"href":"https:\/\/imprimeideas.es\/en\/wp-json\/wp\/v2\/product\/48226\/revisions\/56167"}],"wp:featuredmedia":[{"embeddable":true,"href":"https:\/\/imprimeideas.es\/en\/wp-json\/wp\/v2\/media\/69823"}],"wp:attachment":[{"href":"https:\/\/imprimeideas.es\/en\/wp-json\/wp\/v2\/media?parent=48226"}],"wp:term":[{"taxonomy":"product_brand","embeddable":true,"href":"https:\/\/imprimeideas.es\/en\/wp-json\/wp\/v2\/product_brand?post=48226"},{"taxonomy":"product_cat","embeddable":true,"href":"https:\/\/imprimeideas.es\/en\/wp-json\/wp\/v2\/product_cat?post=48226"},{"taxonomy":"product_tag","embeddable":true,"href":"https:\/\/imprimeideas.es\/en\/wp-json\/wp\/v2\/product_tag?post=48226"}],"curies":[{"name":"wp","href":"https:\/\/api.w.org\/{rel}","templated":true}]}}