{"id":48224,"date":"2026-02-24T11:44:02","date_gmt":"2026-02-24T10:44:02","guid":{"rendered":"https:\/\/imprimeideas.es\/?post_type=product&p=48224"},"modified":"2026-02-26T18:42:27","modified_gmt":"2026-02-26T17:42:27","slug":"estuche-kramer","status":"publish","type":"product","link":"https:\/\/imprimeideas.es\/en\/product\/estuche-kramer\/","title":{"rendered":"Estuche Kramer"},"content":{"rendered":"<p>Set de 4 piezas presentado en estuche de algod\u00f3n con cierre de cremallera. Incluye:- L\u00e1piz de madera con cuerpo redondo de acabado natural y mina negra- Regla de 15cm con sistema m\u00e9trico en cent\u00edmetros\/pulgadas- Goma de borrar- Sacapuntas<\/p>","protected":false},"excerpt":{"rendered":"<p>4 Piezas<\/p>","protected":false},"featured_media":82175,"comment_status":"open","ping_status":"open","template":"","meta":{"inline_featured_image":false},"product_brand":[],"product_cat":[100,108],"product_tag":[],"class_list":{"0":"post-48224","1":"product","2":"type-product","3":"status-publish","4":"has-post-thumbnail","6":"product_cat-escritura","7":"product_cat-infantil","9":"first","10":"instock","11":"taxable","12":"shipping-taxable","13":"purchasable","14":"product-type-variable","15":"has-default-attributes"},"aioseo_notices":[],"_links":{"self":[{"href":"https:\/\/imprimeideas.es\/en\/wp-json\/wp\/v2\/product\/48224","targetHints":{"allow":["GET"]}}],"collection":[{"href":"https:\/\/imprimeideas.es\/en\/wp-json\/wp\/v2\/product"}],"about":[{"href":"https:\/\/imprimeideas.es\/en\/wp-json\/wp\/v2\/types\/product"}],"replies":[{"embeddable":true,"href":"https:\/\/imprimeideas.es\/en\/wp-json\/wp\/v2\/comments?post=48224"}],"version-history":[{"count":1,"href":"https:\/\/imprimeideas.es\/en\/wp-json\/wp\/v2\/product\/48224\/revisions"}],"predecessor-version":[{"id":56166,"href":"https:\/\/imprimeideas.es\/en\/wp-json\/wp\/v2\/product\/48224\/revisions\/56166"}],"wp:featuredmedia":[{"embeddable":true,"href":"https:\/\/imprimeideas.es\/en\/wp-json\/wp\/v2\/media\/82175"}],"wp:attachment":[{"href":"https:\/\/imprimeideas.es\/en\/wp-json\/wp\/v2\/media?parent=48224"}],"wp:term":[{"taxonomy":"product_brand","embeddable":true,"href":"https:\/\/imprimeideas.es\/en\/wp-json\/wp\/v2\/product_brand?post=48224"},{"taxonomy":"product_cat","embeddable":true,"href":"https:\/\/imprimeideas.es\/en\/wp-json\/wp\/v2\/product_cat?post=48224"},{"taxonomy":"product_tag","embeddable":true,"href":"https:\/\/imprimeideas.es\/en\/wp-json\/wp\/v2\/product_tag?post=48224"}],"curies":[{"name":"wp","href":"https:\/\/api.w.org\/{rel}","templated":true}]}}