{"id":48222,"date":"2026-02-24T11:44:02","date_gmt":"2026-02-24T10:44:02","guid":{"rendered":"https:\/\/imprimeideas.es\/?post_type=product&p=48222"},"modified":"2026-02-26T18:33:03","modified_gmt":"2026-02-26T17:33:03","slug":"estuche-bartox","status":"publish","type":"product","link":"https:\/\/imprimeideas.es\/en\/product\/estuche-bartox\/","title":{"rendered":"Estuche Bartox"},"content":{"rendered":"<p>Estuche en fieltro RPET. Con cierre de cremallera, tirador a juego y etiqueta exterior con distintivo RPET.El fieltro RPET es fruto de la combinaci\u00f3n del proceso de reciclaje de materiales pl\u00e1sticos junto con la t\u00e9cnica milenaria de fabricaci\u00f3n del fieltro, dando como resultado un material de eco-tendencia que, adem\u00e1s de ser de origen reciclado, tambi\u00e9n se convierte en reciclable.<\/p>","protected":false},"excerpt":{"rendered":"<p>Estuche en fieltro RPET. Con cierre de cremallera, tirador a juego y etiqueta exterior con distintivo RPET.El fieltro RPET es<\/p>","protected":false},"featured_media":68070,"comment_status":"open","ping_status":"open","template":"","meta":{"inline_featured_image":false},"product_brand":[],"product_cat":[100,108],"product_tag":[],"class_list":{"0":"post-48222","1":"product","2":"type-product","3":"status-publish","4":"has-post-thumbnail","6":"product_cat-escritura","7":"product_cat-infantil","9":"first","10":"instock","11":"taxable","12":"shipping-taxable","13":"purchasable","14":"product-type-variable","15":"has-default-attributes"},"aioseo_notices":[],"_links":{"self":[{"href":"https:\/\/imprimeideas.es\/en\/wp-json\/wp\/v2\/product\/48222","targetHints":{"allow":["GET"]}}],"collection":[{"href":"https:\/\/imprimeideas.es\/en\/wp-json\/wp\/v2\/product"}],"about":[{"href":"https:\/\/imprimeideas.es\/en\/wp-json\/wp\/v2\/types\/product"}],"replies":[{"embeddable":true,"href":"https:\/\/imprimeideas.es\/en\/wp-json\/wp\/v2\/comments?post=48222"}],"version-history":[{"count":1,"href":"https:\/\/imprimeideas.es\/en\/wp-json\/wp\/v2\/product\/48222\/revisions"}],"predecessor-version":[{"id":56165,"href":"https:\/\/imprimeideas.es\/en\/wp-json\/wp\/v2\/product\/48222\/revisions\/56165"}],"wp:featuredmedia":[{"embeddable":true,"href":"https:\/\/imprimeideas.es\/en\/wp-json\/wp\/v2\/media\/68070"}],"wp:attachment":[{"href":"https:\/\/imprimeideas.es\/en\/wp-json\/wp\/v2\/media?parent=48222"}],"wp:term":[{"taxonomy":"product_brand","embeddable":true,"href":"https:\/\/imprimeideas.es\/en\/wp-json\/wp\/v2\/product_brand?post=48222"},{"taxonomy":"product_cat","embeddable":true,"href":"https:\/\/imprimeideas.es\/en\/wp-json\/wp\/v2\/product_cat?post=48222"},{"taxonomy":"product_tag","embeddable":true,"href":"https:\/\/imprimeideas.es\/en\/wp-json\/wp\/v2\/product_tag?post=48222"}],"curies":[{"name":"wp","href":"https:\/\/api.w.org\/{rel}","templated":true}]}}