{"id":48213,"date":"2026-02-24T11:44:00","date_gmt":"2026-02-24T10:44:00","guid":{"rendered":"https:\/\/imprimeideas.es\/?post_type=product&p=48213"},"modified":"2026-02-26T18:32:48","modified_gmt":"2026-02-26T17:32:48","slug":"estuche-trubin","status":"publish","type":"product","link":"https:\/\/imprimeideas.es\/en\/product\/estuche-trubin\/","title":{"rendered":"Estuche Trubin"},"content":{"rendered":"<p>Estuche en poli\u00e9ster RPET 600D. Con cierre de cremallera frontal, tirador met\u00e1lico a juego y cord\u00f3n a juego. Distintivo RPET en etiqueta.El material RPET se elabora a partir de pl\u00e1stico reciclado, para as\u00ed fomentar la reutilizaci\u00f3n de residuos pl\u00e1sticos y ayudar a la sostenibilidad del planeta.<\/p>","protected":false},"excerpt":{"rendered":"<p>Estuche en poli\u00e9ster RPET 600D. Con cierre de cremallera frontal, tirador met\u00e1lico a juego y cord\u00f3n a juego. Distintivo RPET<\/p>","protected":false},"featured_media":71338,"comment_status":"open","ping_status":"open","template":"","meta":{"inline_featured_image":false},"product_brand":[],"product_cat":[100,108],"product_tag":[],"class_list":{"0":"post-48213","1":"product","2":"type-product","3":"status-publish","4":"has-post-thumbnail","6":"product_cat-escritura","7":"product_cat-infantil","9":"first","10":"instock","11":"taxable","12":"shipping-taxable","13":"purchasable","14":"product-type-variable","15":"has-default-attributes"},"aioseo_notices":[],"_links":{"self":[{"href":"https:\/\/imprimeideas.es\/en\/wp-json\/wp\/v2\/product\/48213","targetHints":{"allow":["GET"]}}],"collection":[{"href":"https:\/\/imprimeideas.es\/en\/wp-json\/wp\/v2\/product"}],"about":[{"href":"https:\/\/imprimeideas.es\/en\/wp-json\/wp\/v2\/types\/product"}],"replies":[{"embeddable":true,"href":"https:\/\/imprimeideas.es\/en\/wp-json\/wp\/v2\/comments?post=48213"}],"version-history":[{"count":1,"href":"https:\/\/imprimeideas.es\/en\/wp-json\/wp\/v2\/product\/48213\/revisions"}],"predecessor-version":[{"id":56164,"href":"https:\/\/imprimeideas.es\/en\/wp-json\/wp\/v2\/product\/48213\/revisions\/56164"}],"wp:featuredmedia":[{"embeddable":true,"href":"https:\/\/imprimeideas.es\/en\/wp-json\/wp\/v2\/media\/71338"}],"wp:attachment":[{"href":"https:\/\/imprimeideas.es\/en\/wp-json\/wp\/v2\/media?parent=48213"}],"wp:term":[{"taxonomy":"product_brand","embeddable":true,"href":"https:\/\/imprimeideas.es\/en\/wp-json\/wp\/v2\/product_brand?post=48213"},{"taxonomy":"product_cat","embeddable":true,"href":"https:\/\/imprimeideas.es\/en\/wp-json\/wp\/v2\/product_cat?post=48213"},{"taxonomy":"product_tag","embeddable":true,"href":"https:\/\/imprimeideas.es\/en\/wp-json\/wp\/v2\/product_tag?post=48213"}],"curies":[{"name":"wp","href":"https:\/\/api.w.org\/{rel}","templated":true}]}}