{"id":48204,"date":"2026-02-24T11:43:59","date_gmt":"2026-02-24T10:43:59","guid":{"rendered":"https:\/\/imprimeideas.es\/?post_type=product&p=48204"},"modified":"2026-02-26T18:37:33","modified_gmt":"2026-02-26T17:37:33","slug":"gorra-nino-sommer","status":"publish","type":"product","link":"https:\/\/imprimeideas.es\/en\/product\/gorra-nino-sommer\/","title":{"rendered":"Gorra Ni\u00f1o Sommer"},"content":{"rendered":"<p>Gorra infantil deportiva en suave poli\u00e9ster de dise\u00f1o bicolor en amarillo fluorescente con reflectante perfil en la visera y en cierre. Cierre de velcro y orificios de ventilaci\u00f3n bordados.<\/p>","protected":false},"excerpt":{"rendered":"<p>5 Paneles. Reflectante. Cierre Velcro<\/p>","protected":false},"featured_media":85611,"comment_status":"open","ping_status":"open","template":"","meta":{"inline_featured_image":false},"product_brand":[],"product_cat":[112,108],"product_tag":[],"class_list":{"0":"post-48204","1":"product","2":"type-product","3":"status-publish","4":"has-post-thumbnail","6":"product_cat-gorras-y-sombreros","7":"product_cat-infantil","9":"first","10":"instock","11":"taxable","12":"shipping-taxable","13":"purchasable","14":"product-type-variable","15":"has-default-attributes"},"aioseo_notices":[],"_links":{"self":[{"href":"https:\/\/imprimeideas.es\/en\/wp-json\/wp\/v2\/product\/48204","targetHints":{"allow":["GET"]}}],"collection":[{"href":"https:\/\/imprimeideas.es\/en\/wp-json\/wp\/v2\/product"}],"about":[{"href":"https:\/\/imprimeideas.es\/en\/wp-json\/wp\/v2\/types\/product"}],"replies":[{"embeddable":true,"href":"https:\/\/imprimeideas.es\/en\/wp-json\/wp\/v2\/comments?post=48204"}],"version-history":[{"count":1,"href":"https:\/\/imprimeideas.es\/en\/wp-json\/wp\/v2\/product\/48204\/revisions"}],"predecessor-version":[{"id":56160,"href":"https:\/\/imprimeideas.es\/en\/wp-json\/wp\/v2\/product\/48204\/revisions\/56160"}],"wp:featuredmedia":[{"embeddable":true,"href":"https:\/\/imprimeideas.es\/en\/wp-json\/wp\/v2\/media\/85611"}],"wp:attachment":[{"href":"https:\/\/imprimeideas.es\/en\/wp-json\/wp\/v2\/media?parent=48204"}],"wp:term":[{"taxonomy":"product_brand","embeddable":true,"href":"https:\/\/imprimeideas.es\/en\/wp-json\/wp\/v2\/product_brand?post=48204"},{"taxonomy":"product_cat","embeddable":true,"href":"https:\/\/imprimeideas.es\/en\/wp-json\/wp\/v2\/product_cat?post=48204"},{"taxonomy":"product_tag","embeddable":true,"href":"https:\/\/imprimeideas.es\/en\/wp-json\/wp\/v2\/product_tag?post=48204"}],"curies":[{"name":"wp","href":"https:\/\/api.w.org\/{rel}","templated":true}]}}